{"id":11050,"date":"2021-12-08T14:39:27","date_gmt":"2021-12-08T19:39:27","guid":{"rendered":"https:\/\/lmusa.org\/conectar-con-un-coach-de-misiones\/"},"modified":"2024-03-19T17:44:13","modified_gmt":"2024-03-19T21:44:13","slug":"conectar","status":"publish","type":"page","link":"https:\/\/lmusa.org\/es\/conectar\/","title":{"rendered":"Conectar con un coach de Misiones."},"content":{"rendered":"[vc_row type=\u00bbfull_width_background\u00bb full_screen_row_position=\u00bbmiddle\u00bb column_margin=\u00bbdefault\u00bb column_direction=\u00bbdefault\u00bb column_direction_tablet=\u00bbdefault\u00bb column_direction_phone=\u00bbdefault\u00bb bg_color=\u00bb#f7d4d4&#8243; scene_position=\u00bbcenter\u00bb text_color=\u00bbdark\u00bb text_align=\u00bbleft\u00bb row_border_radius=\u00bbnone\u00bb row_border_radius_applies=\u00bbbg\u00bb overflow=\u00bbvisible\u00bb overlay_strength=\u00bb0.3&#8243; gradient_direction=\u00bbleft_to_right\u00bb shape_divider_position=\u00bbbottom\u00bb bg_image_animation=\u00bbnone\u00bb shape_type=\u00bb\u00bb][vc_column column_padding=\u00bbno-extra-padding\u00bb column_padding_tablet=\u00bbinherit\u00bb column_padding_phone=\u00bbinherit\u00bb column_padding_position=\u00bball\u00bb column_element_direction_desktop=\u00bbdefault\u00bb column_element_spacing=\u00bbdefault\u00bb desktop_text_alignment=\u00bbdefault\u00bb tablet_text_alignment=\u00bbdefault\u00bb phone_text_alignment=\u00bbdefault\u00bb background_color_opacity=\u00bb1&#8243; background_hover_color_opacity=\u00bb1&#8243; column_backdrop_filter=\u00bbnone\u00bb column_shadow=\u00bbnone\u00bb column_border_radius=\u00bbnone\u00bb column_link_target=\u00bb_self\u00bb column_position=\u00bbdefault\u00bb gradient_direction=\u00bbleft_to_right\u00bb overlay_strength=\u00bb0.3&#8243; width=\u00bb1\/1&#8243; tablet_width_inherit=\u00bbdefault\u00bb animation_type=\u00bbdefault\u00bb bg_image_animation=\u00bbnone\u00bb border_type=\u00bbsimple\u00bb column_border_width=\u00bbnone\u00bb column_border_style=\u00bbsolid\u00bb][vc_column_text]\n<p style=\"text-align: center;\">\u00bfBusca la versi\u00f3n en espa\u00f1ol de esta p\u00e1gina? <a href=\"https:\/\/lmusa.org\/conectar\/\">Haga clic aqu\u00ed<\/a>.<\/p>\n[\/vc_column_text][\/vc_column][\/vc_row][vc_row type=\u00bbfull_width_background\u00bb full_screen_row_position=\u00bbmiddle\u00bb column_margin=\u00bbdefault\u00bb column_direction=\u00bbdefault\u00bb column_direction_tablet=\u00bbdefault\u00bb column_direction_phone=\u00bbdefault\u00bb bg_image=\u00bb1503&#8243; bg_position=\u00bbcenter center\u00bb background_image_loading=\u00bbdefault\u00bb bg_repeat=\u00bbno-repeat\u00bb scene_position=\u00bbcenter\u00bb top_padding=\u00bb150&#8243; bottom_padding=\u00bb150&#8243; left_padding_desktop=\u00bb20&#8243; right_padding_desktop=\u00bb20&#8243; text_color=\u00bblight\u00bb text_align=\u00bbcenter\u00bb row_border_radius=\u00bbnone\u00bb row_border_radius_applies=\u00bbbg\u00bb overflow=\u00bbvisible\u00bb color_overlay=\u00bb#000000&#8243; overlay_strength=\u00bb0.3&#8243; gradient_direction=\u00bbleft_to_right\u00bb shape_divider_position=\u00bbbottom\u00bb bg_image_animation=\u00bbnone\u00bb shape_type=\u00bb\u00bb][vc_column column_padding=\u00bbno-extra-padding\u00bb column_padding_tablet=\u00bbinherit\u00bb column_padding_phone=\u00bbinherit\u00bb column_padding_position=\u00bball\u00bb column_element_direction_desktop=\u00bbdefault\u00bb column_element_spacing=\u00bbdefault\u00bb desktop_text_alignment=\u00bbdefault\u00bb tablet_text_alignment=\u00bbdefault\u00bb phone_text_alignment=\u00bbdefault\u00bb background_color_opacity=\u00bb1&#8243; background_hover_color_opacity=\u00bb1&#8243; column_backdrop_filter=\u00bbnone\u00bb column_shadow=\u00bbnone\u00bb column_border_radius=\u00bbnone\u00bb column_link_target=\u00bb_self\u00bb column_position=\u00bbdefault\u00bb gradient_direction=\u00bbleft_to_right\u00bb overlay_strength=\u00bb0.3&#8243; width=\u00bb1\/1&#8243; tablet_width_inherit=\u00bbdefault\u00bb animation_type=\u00bbdefault\u00bb bg_image_animation=\u00bbnone\u00bb border_type=\u00bbsimple\u00bb column_border_width=\u00bbnone\u00bb column_border_style=\u00bbsolid\u00bb][vc_custom_heading text=\u00bbConectar\u00bb font_container=\u00bbtag:h1|font_size:70|text_align:center|color:%23ffffff\u00bb use_theme_fonts=\u00bbyes\u00bb css=\u00bb.vc_custom_1638758420193{margin-bottom: 25px !important;}\u00bb][vc_custom_heading text=\u00bbCon un asesor misionero\u00bb font_container=\u00bbtag:h5|text_align:center|color:%23ffffff\u00bb use_theme_fonts=\u00bbyes\u00bb][\/vc_column][\/vc_row][vc_row type=\u00bbfull_width_background\u00bb full_screen_row_position=\u00bbmiddle\u00bb column_margin=\u00bbdefault\u00bb column_direction=\u00bbdefault\u00bb column_direction_tablet=\u00bbdefault\u00bb column_direction_phone=\u00bbdefault\u00bb bg_color=\u00bb#f8f7f7&#8243; scene_position=\u00bbcenter\u00bb top_padding=\u00bb80&#8243; bottom_padding=\u00bb40&#8243; left_padding_desktop=\u00bb10%\u00bb constrain_group_2=\u00bbyes\u00bb right_padding_desktop=\u00bb10%\u00bb left_padding_tablet=\u00bb5%\u00bb constrain_group_4=\u00bbyes\u00bb right_padding_tablet=\u00bb5%\u00bb left_padding_phone=\u00bb3%\u00bb constrain_group_6=\u00bbyes\u00bb right_padding_phone=\u00bb3%\u00bb text_color=\u00bbdark\u00bb text_align=\u00bbcenter\u00bb row_border_radius=\u00bbnone\u00bb row_border_radius_applies=\u00bbbg\u00bb overflow=\u00bbvisible\u00bb overlay_strength=\u00bb0.8&#8243; gradient_direction=\u00bbleft_to_right\u00bb shape_divider_position=\u00bbbottom\u00bb bg_image_animation=\u00bbnone\u00bb shape_type=\u00bb\u00bb][vc_column column_padding=\u00bbno-extra-padding\u00bb column_padding_tablet=\u00bbinherit\u00bb column_padding_phone=\u00bbinherit\u00bb column_padding_position=\u00bball\u00bb column_element_direction_desktop=\u00bbdefault\u00bb column_element_spacing=\u00bbdefault\u00bb desktop_text_alignment=\u00bbdefault\u00bb tablet_text_alignment=\u00bbdefault\u00bb phone_text_alignment=\u00bbdefault\u00bb background_color_opacity=\u00bb1&#8243; background_hover_color_opacity=\u00bb1&#8243; column_backdrop_filter=\u00bbnone\u00bb column_shadow=\u00bbnone\u00bb column_border_radius=\u00bbnone\u00bb column_link_target=\u00bb_self\u00bb column_position=\u00bbdefault\u00bb gradient_direction=\u00bbleft_to_right\u00bb overlay_strength=\u00bb0.3&#8243; width=\u00bb1\/1&#8243; tablet_width_inherit=\u00bbdefault\u00bb animation_type=\u00bbdefault\u00bb bg_image_animation=\u00bbnone\u00bb border_type=\u00bbsimple\u00bb column_border_width=\u00bbnone\u00bb column_border_style=\u00bbsolid\u00bb][vc_column_text css=\u00bb.vc_custom_1710884524962{margin-bottom: 10px !important;}\u00bb text_direction=\u00bbdefault\u00bb]\n<h3 class=\"text-align-center\" style=\"text-align: center;\">Descubra c\u00f3mo puede participar en la gran comisi\u00f3n, en su pa\u00eds o en el extranjero.<\/h3>\n[\/vc_column_text][divider line_type=\u00bbSmall Line\u00bb line_alignment=\u00bbcenter\u00bb line_thickness=\u00bb3&#8243; divider_color=\u00bbextra-color-1&#8243; animate=\u00bbyes\u00bb custom_height=\u00bb5px\u00bb custom_line_width=\u00bb100&#8243;][vc_column_text css=\u00bb.vc_custom_1710884593003{margin-top: 20px !important;}\u00bb text_direction=\u00bbdefault\u00bb]\n<p style=\"text-align: center;\">\u00bfTe est\u00e1 llamando Dios a <strong>ir<\/strong>? Ya sea que est\u00e9s buscando servir a corto o largo plazo &#8211; y ya sea que tengas un destino en mente o no &#8211; \u00a1comienza aqu\u00ed! Te pondremos en contacto con un coach de misiones para una charla individual sobre tus puntos fuertes, tu compromiso y tu llamado.<\/p>\n[\/vc_column_text][\/vc_column][\/vc_row][vc_row type=\u00bbfull_width_background\u00bb full_screen_row_position=\u00bbmiddle\u00bb column_margin=\u00bbdefault\u00bb column_direction=\u00bbdefault\u00bb column_direction_tablet=\u00bbdefault\u00bb column_direction_phone=\u00bbdefault\u00bb bg_color=\u00bb#f8f7f7&#8243; bg_image=\u00bb1590&#8243; bg_position=\u00bbleft top\u00bb background_image_loading=\u00bbdefault\u00bb bg_repeat=\u00bbrepeat\u00bb scene_position=\u00bbcenter\u00bb layer_one_image=\u00bb1419&#8243; top_padding=\u00bb40&#8243; constrain_group_1=\u00bbyes\u00bb bottom_padding=\u00bb40&#8243; left_padding_desktop=\u00bb10%\u00bb constrain_group_2=\u00bbyes\u00bb right_padding_desktop=\u00bb10%\u00bb left_padding_tablet=\u00bb5%\u00bb constrain_group_4=\u00bbyes\u00bb right_padding_tablet=\u00bb5%\u00bb left_padding_phone=\u00bb3%\u00bb constrain_group_6=\u00bbyes\u00bb right_padding_phone=\u00bb3%\u00bb text_color=\u00bbdark\u00bb text_align=\u00bbcenter\u00bb row_border_radius=\u00bbnone\u00bb row_border_radius_applies=\u00bbbg\u00bb overflow=\u00bbvisible\u00bb id=\u00bbpq-form\u00bb color_overlay=\u00bb#e6e7e8&#8243; overlay_strength=\u00bb0.8&#8243; gradient_direction=\u00bbleft_to_right\u00bb shape_divider_position=\u00bbbottom\u00bb bg_image_animation=\u00bbnone\u00bb shape_type=\u00bb\u00bb gradient_type=\u00bbdefault\u00bb][vc_column column_padding=\u00bbno-extra-padding\u00bb column_padding_tablet=\u00bbinherit\u00bb column_padding_phone=\u00bbinherit\u00bb column_padding_position=\u00bball\u00bb column_element_direction_desktop=\u00bbdefault\u00bb column_element_spacing=\u00bbdefault\u00bb desktop_text_alignment=\u00bbdefault\u00bb tablet_text_alignment=\u00bbdefault\u00bb phone_text_alignment=\u00bbdefault\u00bb background_color_opacity=\u00bb1&#8243; background_hover_color_opacity=\u00bb1&#8243; column_backdrop_filter=\u00bbnone\u00bb column_shadow=\u00bbnone\u00bb column_border_radius=\u00bbnone\u00bb column_link_target=\u00bb_self\u00bb column_position=\u00bbdefault\u00bb gradient_direction=\u00bbleft_to_right\u00bb overlay_strength=\u00bb0.3&#8243; width=\u00bb1\/1&#8243; tablet_width_inherit=\u00bbdefault\u00bb animation_type=\u00bbdefault\u00bb bg_image_animation=\u00bbnone\u00bb border_type=\u00bbsimple\u00bb column_border_width=\u00bbnone\u00bb column_border_style=\u00bbsolid\u00bb][vc_raw_html el_class=\u00bbembeded-form\u00bb]JTNDc2NyaXB0JTIwc3JjJTNEJTIyaHR0cHMlM0ElMkYlMkZ3d3cuY29nbml0b2Zvcm1zLmNvbSUyRmYlMkZzZWFtbGVzcy5qcyUyMiUyMGRhdGEta2V5JTNEJTIydTVmOFRtaFdmVXlsSUpBMFRZMlZXQSUyMiUyMGRhdGEtZm9ybSUzRCUyMjE4JTIyJTNFJTNDJTJGc2NyaXB0JTNF[\/vc_raw_html][\/vc_column][\/vc_row]\n","protected":false},"excerpt":{"rendered":"<p>[vc_row type=\u00bbfull_width_background\u00bb full_screen_row_position=\u00bbmiddle\u00bb column_margin=\u00bbdefault\u00bb column_direction=\u00bbdefault\u00bb column_direction_tablet=\u00bbdefault\u00bb column_direction_phone=\u00bbdefault\u00bb bg_color=\u00bb#f7d4d4&#8243; scene_position=\u00bbcenter\u00bb text_color=\u00bbdark\u00bb text_align=\u00bbleft\u00bb row_border_radius=\u00bbnone\u00bb row_border_radius_applies=\u00bbbg\u00bb overflow=\u00bbvisible\u00bb overlay_strength=\u00bb0.3&#8243; gradient_direction=\u00bbleft_to_right\u00bb shape_divider_position=\u00bbbottom\u00bb bg_image_animation=\u00bbnone\u00bb shape_type=\u00bb\u00bb][vc_column column_padding=\u00bbno-extra-padding\u00bb column_padding_tablet=\u00bbinherit\u00bb column_padding_phone=\u00bbinherit\u00bb column_padding_position=\u00bball\u00bb column_element_direction_desktop=\u00bbdefault\u00bb column_element_spacing=\u00bbdefault\u00bb desktop_text_alignment=\u00bbdefault\u00bb tablet_text_alignment=\u00bbdefault\u00bb phone_text_alignment=\u00bbdefault\u00bb background_color_opacity=\u00bb1&#8243; background_hover_color_opacity=\u00bb1&#8243;&#8230;<\/p>\n","protected":false},"author":1,"featured_media":0,"parent":0,"menu_order":0,"comment_status":"closed","ping_status":"closed","template":"","meta":{"_acf_changed":false,"give_campaign_id":0,"inline_featured_image":false,"footnotes":""},"wf_page_folders":[109],"class_list":["post-11050","page","type-page","status-publish"],"acf":[],"yoast_head":"<!-- This site is optimized with the Yoast SEO plugin v27.4 - https:\/\/yoast.com\/product\/yoast-seo-wordpress\/ -->\n<title>Conectar con un coach de Misiones. - Liebenzell Mission USA<\/title>\n<meta name=\"description\" content=\"Si Dios te est\u00e1 llamando a ir y ser parte de la gran comisi\u00f3n, podemos ayudarte a conectarte con un entrenador de misiones para una charla uno-a-uno.\" \/>\n<meta name=\"robots\" content=\"index, follow, max-snippet:-1, max-image-preview:large, max-video-preview:-1\" \/>\n<link rel=\"canonical\" href=\"https:\/\/lmusa.org\/es\/conectar\/\" \/>\n<meta property=\"og:locale\" content=\"es_ES\" \/>\n<meta property=\"og:type\" content=\"article\" \/>\n<meta property=\"og:title\" content=\"Conectar con un coach de Misiones. - Liebenzell Mission USA\" \/>\n<meta property=\"og:description\" content=\"Si Dios te est\u00e1 llamando a ir y ser parte de la gran comisi\u00f3n, podemos ayudarte a conectarte con un entrenador de misiones para una charla uno-a-uno.\" \/>\n<meta property=\"og:url\" content=\"https:\/\/lmusa.org\/es\/conectar\/\" \/>\n<meta property=\"og:site_name\" content=\"Liebenzell Mission USA\" \/>\n<meta property=\"article:modified_time\" content=\"2024-03-19T21:44:13+00:00\" \/>\n<meta name=\"twitter:card\" content=\"summary_large_image\" \/>\n<meta name=\"twitter:label1\" content=\"Tiempo de lectura\" \/>\n\t<meta name=\"twitter:data1\" content=\"2 minutos\" \/>\n<script type=\"application\/ld+json\" class=\"yoast-schema-graph\">{\"@context\":\"https:\\\/\\\/schema.org\",\"@graph\":[{\"@type\":\"WebPage\",\"@id\":\"https:\\\/\\\/lmusa.org\\\/es\\\/conectar\\\/\",\"url\":\"https:\\\/\\\/lmusa.org\\\/es\\\/conectar\\\/\",\"name\":\"Conectar con un coach de Misiones. - Liebenzell Mission USA\",\"isPartOf\":{\"@id\":\"https:\\\/\\\/lmusa.org\\\/es\\\/#website\"},\"datePublished\":\"2021-12-08T19:39:27+00:00\",\"dateModified\":\"2024-03-19T21:44:13+00:00\",\"description\":\"Si Dios te est\u00e1 llamando a ir y ser parte de la gran comisi\u00f3n, podemos ayudarte a conectarte con un entrenador de misiones para una charla uno-a-uno.\",\"breadcrumb\":{\"@id\":\"https:\\\/\\\/lmusa.org\\\/es\\\/conectar\\\/#breadcrumb\"},\"inLanguage\":\"es\",\"potentialAction\":[{\"@type\":\"ReadAction\",\"target\":[\"https:\\\/\\\/lmusa.org\\\/es\\\/conectar\\\/\"]}]},{\"@type\":\"BreadcrumbList\",\"@id\":\"https:\\\/\\\/lmusa.org\\\/es\\\/conectar\\\/#breadcrumb\",\"itemListElement\":[{\"@type\":\"ListItem\",\"position\":1,\"name\":\"Home\",\"item\":\"https:\\\/\\\/lmusa.org\\\/es\\\/\"},{\"@type\":\"ListItem\",\"position\":2,\"name\":\"Conectar con un coach de Misiones.\"}]},{\"@type\":\"WebSite\",\"@id\":\"https:\\\/\\\/lmusa.org\\\/es\\\/#website\",\"url\":\"https:\\\/\\\/lmusa.org\\\/es\\\/\",\"name\":\"Liebenzell Mission USA\",\"description\":\"Reaching hearts, teaching truth.\",\"publisher\":{\"@id\":\"https:\\\/\\\/lmusa.org\\\/es\\\/#organization\"},\"potentialAction\":[{\"@type\":\"SearchAction\",\"target\":{\"@type\":\"EntryPoint\",\"urlTemplate\":\"https:\\\/\\\/lmusa.org\\\/es\\\/?s={search_term_string}\"},\"query-input\":{\"@type\":\"PropertyValueSpecification\",\"valueRequired\":true,\"valueName\":\"search_term_string\"}}],\"inLanguage\":\"es\"},{\"@type\":\"Organization\",\"@id\":\"https:\\\/\\\/lmusa.org\\\/es\\\/#organization\",\"name\":\"Liebenzell USA\",\"alternateName\":\"LMUSA\",\"url\":\"https:\\\/\\\/lmusa.org\\\/es\\\/\",\"logo\":{\"@type\":\"ImageObject\",\"inLanguage\":\"es\",\"@id\":\"https:\\\/\\\/lmusa.org\\\/es\\\/#\\\/schema\\\/logo\\\/image\\\/\",\"url\":\"https:\\\/\\\/lmusa.org\\\/wp-content\\\/uploads\\\/2024\\\/01\\\/Liebenzell-Logo-with-Divider.svg\",\"contentUrl\":\"https:\\\/\\\/lmusa.org\\\/wp-content\\\/uploads\\\/2024\\\/01\\\/Liebenzell-Logo-with-Divider.svg\",\"width\":\"1024\",\"height\":\"1024\",\"caption\":\"Liebenzell USA\"},\"image\":{\"@id\":\"https:\\\/\\\/lmusa.org\\\/es\\\/#\\\/schema\\\/logo\\\/image\\\/\"}}]}<\/script>\n<!-- \/ Yoast SEO plugin. -->","yoast_head_json":{"title":"Conectar con un coach de Misiones. - Liebenzell Mission USA","description":"Si Dios te est\u00e1 llamando a ir y ser parte de la gran comisi\u00f3n, podemos ayudarte a conectarte con un entrenador de misiones para una charla uno-a-uno.","robots":{"index":"index","follow":"follow","max-snippet":"max-snippet:-1","max-image-preview":"max-image-preview:large","max-video-preview":"max-video-preview:-1"},"canonical":"https:\/\/lmusa.org\/es\/conectar\/","og_locale":"es_ES","og_type":"article","og_title":"Conectar con un coach de Misiones. - Liebenzell Mission USA","og_description":"Si Dios te est\u00e1 llamando a ir y ser parte de la gran comisi\u00f3n, podemos ayudarte a conectarte con un entrenador de misiones para una charla uno-a-uno.","og_url":"https:\/\/lmusa.org\/es\/conectar\/","og_site_name":"Liebenzell Mission USA","article_modified_time":"2024-03-19T21:44:13+00:00","twitter_card":"summary_large_image","twitter_misc":{"Tiempo de lectura":"2 minutos"},"schema":{"@context":"https:\/\/schema.org","@graph":[{"@type":"WebPage","@id":"https:\/\/lmusa.org\/es\/conectar\/","url":"https:\/\/lmusa.org\/es\/conectar\/","name":"Conectar con un coach de Misiones. - Liebenzell Mission USA","isPartOf":{"@id":"https:\/\/lmusa.org\/es\/#website"},"datePublished":"2021-12-08T19:39:27+00:00","dateModified":"2024-03-19T21:44:13+00:00","description":"Si Dios te est\u00e1 llamando a ir y ser parte de la gran comisi\u00f3n, podemos ayudarte a conectarte con un entrenador de misiones para una charla uno-a-uno.","breadcrumb":{"@id":"https:\/\/lmusa.org\/es\/conectar\/#breadcrumb"},"inLanguage":"es","potentialAction":[{"@type":"ReadAction","target":["https:\/\/lmusa.org\/es\/conectar\/"]}]},{"@type":"BreadcrumbList","@id":"https:\/\/lmusa.org\/es\/conectar\/#breadcrumb","itemListElement":[{"@type":"ListItem","position":1,"name":"Home","item":"https:\/\/lmusa.org\/es\/"},{"@type":"ListItem","position":2,"name":"Conectar con un coach de Misiones."}]},{"@type":"WebSite","@id":"https:\/\/lmusa.org\/es\/#website","url":"https:\/\/lmusa.org\/es\/","name":"Liebenzell Mission USA","description":"Reaching hearts, teaching truth.","publisher":{"@id":"https:\/\/lmusa.org\/es\/#organization"},"potentialAction":[{"@type":"SearchAction","target":{"@type":"EntryPoint","urlTemplate":"https:\/\/lmusa.org\/es\/?s={search_term_string}"},"query-input":{"@type":"PropertyValueSpecification","valueRequired":true,"valueName":"search_term_string"}}],"inLanguage":"es"},{"@type":"Organization","@id":"https:\/\/lmusa.org\/es\/#organization","name":"Liebenzell USA","alternateName":"LMUSA","url":"https:\/\/lmusa.org\/es\/","logo":{"@type":"ImageObject","inLanguage":"es","@id":"https:\/\/lmusa.org\/es\/#\/schema\/logo\/image\/","url":"https:\/\/lmusa.org\/wp-content\/uploads\/2024\/01\/Liebenzell-Logo-with-Divider.svg","contentUrl":"https:\/\/lmusa.org\/wp-content\/uploads\/2024\/01\/Liebenzell-Logo-with-Divider.svg","width":"1024","height":"1024","caption":"Liebenzell USA"},"image":{"@id":"https:\/\/lmusa.org\/es\/#\/schema\/logo\/image\/"}}]}},"campaignId":"","rttpg_featured_image_url":null,"rttpg_author":{"display_name":"Liebenzell USA","author_link":"https:\/\/lmusa.org\/es\/author\/admin\/"},"rttpg_comment":0,"rttpg_category":false,"rttpg_excerpt":"[vc_row type=\u00bbfull_width_background\u00bb full_screen_row_position=\u00bbmiddle\u00bb column_margin=\u00bbdefault\u00bb column_direction=\u00bbdefault\u00bb column_direction_tablet=\u00bbdefault\u00bb column_direction_phone=\u00bbdefault\u00bb bg_color=\u00bb#f7d4d4&#8243; scene_position=\u00bbcenter\u00bb text_color=\u00bbdark\u00bb text_align=\u00bbleft\u00bb row_border_radius=\u00bbnone\u00bb row_border_radius_applies=\u00bbbg\u00bb overflow=\u00bbvisible\u00bb overlay_strength=\u00bb0.3&#8243; gradient_direction=\u00bbleft_to_right\u00bb shape_divider_position=\u00bbbottom\u00bb bg_image_animation=\u00bbnone\u00bb shape_type=\u00bb\u00bb][vc_column column_padding=\u00bbno-extra-padding\u00bb column_padding_tablet=\u00bbinherit\u00bb column_padding_phone=\u00bbinherit\u00bb column_padding_position=\u00bball\u00bb column_element_direction_desktop=\u00bbdefault\u00bb column_element_spacing=\u00bbdefault\u00bb desktop_text_alignment=\u00bbdefault\u00bb tablet_text_alignment=\u00bbdefault\u00bb phone_text_alignment=\u00bbdefault\u00bb background_color_opacity=\u00bb1&#8243; background_hover_color_opacity=\u00bb1&#8243;...","_links":{"self":[{"href":"https:\/\/lmusa.org\/es\/wp-json\/wp\/v2\/pages\/11050","targetHints":{"allow":["GET"]}}],"collection":[{"href":"https:\/\/lmusa.org\/es\/wp-json\/wp\/v2\/pages"}],"about":[{"href":"https:\/\/lmusa.org\/es\/wp-json\/wp\/v2\/types\/page"}],"author":[{"embeddable":true,"href":"https:\/\/lmusa.org\/es\/wp-json\/wp\/v2\/users\/1"}],"replies":[{"embeddable":true,"href":"https:\/\/lmusa.org\/es\/wp-json\/wp\/v2\/comments?post=11050"}],"version-history":[{"count":3,"href":"https:\/\/lmusa.org\/es\/wp-json\/wp\/v2\/pages\/11050\/revisions"}],"predecessor-version":[{"id":11053,"href":"https:\/\/lmusa.org\/es\/wp-json\/wp\/v2\/pages\/11050\/revisions\/11053"}],"wp:attachment":[{"href":"https:\/\/lmusa.org\/es\/wp-json\/wp\/v2\/media?parent=11050"}],"wp:term":[{"taxonomy":"wf_page_folders","embeddable":true,"href":"https:\/\/lmusa.org\/es\/wp-json\/wp\/v2\/wf_page_folders?post=11050"}],"curies":[{"name":"wp","href":"https:\/\/api.w.org\/{rel}","templated":true}]}}