{"id":12361,"date":"2024-04-22T18:29:42","date_gmt":"2024-04-22T22:29:42","guid":{"rendered":"https:\/\/lmusa.org\/give\/credo\/"},"modified":"2024-07-01T15:51:24","modified_gmt":"2024-07-01T19:51:24","slug":"credo","status":"publish","type":"product","link":"https:\/\/lmusa.org\/es\/give\/credo\/","title":{"rendered":"Red Credo"},"content":{"rendered":"[vc_row type=\u00bbin_container\u00bb full_screen_row_position=\u00bbmiddle\u00bb column_margin=\u00bbdefault\u00bb column_direction=\u00bbdefault\u00bb column_direction_tablet=\u00bbdefault\u00bb column_direction_phone=\u00bbdefault\u00bb scene_position=\u00bbcenter\u00bb text_color=\u00bbdark\u00bb text_align=\u00bbleft\u00bb row_border_radius=\u00bbnone\u00bb row_border_radius_applies=\u00bbbg\u00bb overflow=\u00bbvisible\u00bb overlay_strength=\u00bb0.3&#8243; gradient_direction=\u00bbleft_to_right\u00bb shape_divider_position=\u00bbbottom\u00bb bg_image_animation=\u00bbnone\u00bb][vc_column column_padding=\u00bbno-extra-padding\u00bb column_padding_tablet=\u00bbinherit\u00bb column_padding_phone=\u00bbinherit\u00bb column_padding_position=\u00bball\u00bb column_element_direction_desktop=\u00bbdefault\u00bb column_element_spacing=\u00bbdefault\u00bb desktop_text_alignment=\u00bbdefault\u00bb tablet_text_alignment=\u00bbdefault\u00bb phone_text_alignment=\u00bbdefault\u00bb background_color_opacity=\u00bb1&#8243; background_hover_color_opacity=\u00bb1&#8243; column_backdrop_filter=\u00bbnone\u00bb column_shadow=\u00bbnone\u00bb column_border_radius=\u00bbnone\u00bb column_link_target=\u00bb_self\u00bb column_position=\u00bbdefault\u00bb gradient_direction=\u00bbleft_to_right\u00bb overlay_strength=\u00bb0.3&#8243; width=\u00bb1\/1&#8243; tablet_width_inherit=\u00bbdefault\u00bb animation_type=\u00bbdefault\u00bb bg_image_animation=\u00bbnone\u00bb border_type=\u00bbsimple\u00bb column_border_width=\u00bbnone\u00bb column_border_style=\u00bbsolid\u00bb][vc_column_text][\/vc_column_text][\/vc_column][\/vc_row][vc_row type=\u00bbfull_width_background\u00bb full_screen_row_position=\u00bbmiddle\u00bb column_margin=\u00bbdefault\u00bb column_direction=\u00bbdefault\u00bb column_direction_tablet=\u00bbdefault\u00bb column_direction_phone=\u00bbdefault\u00bb bg_color=\u00bb#ebebeb\u00bb scene_position=\u00bbcenter\u00bb top_padding=\u00bb30&#8243; constrain_group_1=\u00bbyes\u00bb bottom_padding=\u00bb30&#8243; text_color=\u00bbdark\u00bb text_align=\u00bbleft\u00bb row_border_radius=\u00bbnone\u00bb row_border_radius_applies=\u00bbbg\u00bb overflow=\u00bbvisible\u00bb id=\u00bbabout\u00bb overlay_strength=\u00bb0.3&#8243; gradient_direction=\u00bbleft_to_right\u00bb shape_divider_position=\u00bbbottom\u00bb bg_image_animation=\u00bbnone\u00bb gradient_type=\u00bbdefault\u00bb shape_type=\u00bb\u00bb][vc_column column_padding=\u00bbno-extra-padding\u00bb column_padding_tablet=\u00bbinherit\u00bb column_padding_phone=\u00bbinherit\u00bb column_padding_position=\u00bball\u00bb column_element_direction_desktop=\u00bbdefault\u00bb column_element_spacing=\u00bbdefault\u00bb desktop_text_alignment=\u00bbdefault\u00bb tablet_text_alignment=\u00bbdefault\u00bb phone_text_alignment=\u00bbdefault\u00bb background_color_opacity=\u00bb1&#8243; background_hover_color_opacity=\u00bb1&#8243; column_backdrop_filter=\u00bbnone\u00bb column_shadow=\u00bbnone\u00bb column_border_radius=\u00bbnone\u00bb column_link_target=\u00bb_self\u00bb column_position=\u00bbdefault\u00bb gradient_direction=\u00bbleft_to_right\u00bb overlay_strength=\u00bb0.3&#8243; width=\u00bb1\/1&#8243; tablet_width_inherit=\u00bbdefault\u00bb animation_type=\u00bbdefault\u00bb bg_image_animation=\u00bbnone\u00bb border_type=\u00bbsimple\u00bb column_border_width=\u00bbnone\u00bb column_border_style=\u00bbsolid\u00bb][vc_column_text css=\u00bb\u00bb text_direction=\u00bbdefault\u00bb]\n<h2><span style=\"color: #333399;\">Acerca de la Red Credo<\/span><\/h2>\n<p>La Red Credo existe para relanzar la Reforma espa\u00f1ola del siglo XVI para la iglesia de hoy. El objetivo es ayudar a los cristianos y las iglesias de habla hispana a ser m\u00e1s independientes y fieles a su propia identidad, tener mayor unidad y crecer en su conocimiento de las Escrituras y la teolog\u00eda. Estamos activos en las redes sociales y YouTube, donde tenemos un podcast semanal, presentamos cada mes una charla acad\u00e9mica y producimos videos de alta calidad sobre temas clave.<\/p>\n<p>Contamos con un peque\u00f1o equipo de tres miembros que trabajan mucho, pero que reciben un pago insuficiente por sus servicios. \u00bfConsiderar\u00eda hacer una donaci\u00f3n a la Red Credo para que podamos ampliar nuestro alcance y para que nuestros compa\u00f1eros espa\u00f1oles puedan recibir los salarios que merecen?<\/p>\n<p><span style=\"color: #999999;\">Actualizado el 2024-04-22<\/span>[\/vc_column_text][\/vc_column][\/vc_row]\n","protected":false},"excerpt":{"rendered":"<p>[vc_row type=\u00bbin_container\u00bb full_screen_row_position=\u00bbmiddle\u00bb column_margin=\u00bbdefault\u00bb column_direction=\u00bbdefault\u00bb column_direction_tablet=\u00bbdefault\u00bb column_direction_phone=\u00bbdefault\u00bb scene_position=\u00bbcenter\u00bb text_color=\u00bbdark\u00bb text_align=\u00bbleft\u00bb row_border_radius=\u00bbnone\u00bb row_border_radius_applies=\u00bbbg\u00bb overflow=\u00bbvisible\u00bb overlay_strength=\u00bb0.3&#8243; gradient_direction=\u00bbleft_to_right\u00bb shape_divider_position=\u00bbbottom\u00bb bg_image_animation=\u00bbnone\u00bb][vc_column column_padding=\u00bbno-extra-padding\u00bb column_padding_tablet=\u00bbinherit\u00bb column_padding_phone=\u00bbinherit\u00bb column_padding_position=\u00bball\u00bb column_element_direction_desktop=\u00bbdefault\u00bb column_element_spacing=\u00bbdefault\u00bb desktop_text_alignment=\u00bbdefault\u00bb tablet_text_alignment=\u00bbdefault\u00bb phone_text_alignment=\u00bbdefault\u00bb background_color_opacity=\u00bb1&#8243; background_hover_color_opacity=\u00bb1&#8243; column_backdrop_filter=\u00bbnone\u00bb column_shadow=\u00bbnone\u00bb&#8230;<\/p>\n","protected":false},"featured_media":11417,"template":"","meta":{"_acf_changed":false,"give_campaign_id":0,"inline_featured_image":false},"product_brand":[],"product_cat":[151,152],"product_tag":[156],"wf_product_folders":[133],"class_list":{"0":"post-12361","1":"product","2":"type-product","3":"status-publish","4":"has-post-thumbnail","6":"product_cat-europa-proyectos","7":"product_cat-proyectos","8":"product_tag-seminario-teologico-de-sevilla","10":"first","11":"instock","12":"sold-individually","13":"shipping-taxable","14":"purchasable","15":"product-type-variable-subscription","16":"has-default-attributes"},"acf":[],"yoast_head":"<!-- This site is optimized with the Yoast SEO plugin v27.4 - https:\/\/yoast.com\/product\/yoast-seo-wordpress\/ -->\n<title>Red Credo<\/title>\n<meta name=\"description\" content=\"La Red Credo existe para relanzar la Reforma espa\u00f1ola del siglo XVI para la iglesia de hoy.\" \/>\n<meta name=\"robots\" content=\"index, follow, max-snippet:-1, max-image-preview:large, max-video-preview:-1\" \/>\n<link rel=\"canonical\" href=\"https:\/\/lmusa.org\/es\/give\/credo\/\" \/>\n<meta property=\"og:locale\" content=\"es_ES\" \/>\n<meta property=\"og:type\" content=\"article\" \/>\n<meta property=\"og:title\" content=\"Red Credo\" \/>\n<meta property=\"og:description\" content=\"La Red Credo existe para relanzar la Reforma espa\u00f1ola del siglo XVI para la iglesia de hoy.\" \/>\n<meta property=\"og:url\" content=\"https:\/\/lmusa.org\/es\/give\/credo\/\" \/>\n<meta property=\"og:site_name\" content=\"Liebenzell Mission USA\" \/>\n<meta property=\"article:modified_time\" content=\"2024-07-01T19:51:24+00:00\" \/>\n<meta property=\"og:image\" content=\"https:\/\/lmusa.org\/wp-content\/uploads\/2024\/04\/Credo-Product-Images.webp\" \/>\n\t<meta property=\"og:image:width\" content=\"1200\" \/>\n\t<meta property=\"og:image:height\" content=\"1200\" \/>\n\t<meta property=\"og:image:type\" content=\"image\/webp\" \/>\n<meta name=\"twitter:card\" content=\"summary_large_image\" \/>\n<meta name=\"twitter:label1\" content=\"Tiempo de lectura\" \/>\n\t<meta name=\"twitter:data1\" content=\"1 minuto\" \/>\n<script type=\"application\/ld+json\" class=\"yoast-schema-graph\">{\"@context\":\"https:\\\/\\\/schema.org\",\"@graph\":[{\"@type\":\"WebPage\",\"@id\":\"https:\\\/\\\/lmusa.org\\\/es\\\/give\\\/credo\\\/\",\"url\":\"https:\\\/\\\/lmusa.org\\\/es\\\/give\\\/credo\\\/\",\"name\":\"Red Credo\",\"isPartOf\":{\"@id\":\"https:\\\/\\\/lmusa.org\\\/es\\\/#website\"},\"primaryImageOfPage\":{\"@id\":\"https:\\\/\\\/lmusa.org\\\/es\\\/give\\\/credo\\\/#primaryimage\"},\"image\":{\"@id\":\"https:\\\/\\\/lmusa.org\\\/es\\\/give\\\/credo\\\/#primaryimage\"},\"thumbnailUrl\":\"https:\\\/\\\/lmusa.org\\\/wp-content\\\/uploads\\\/2024\\\/04\\\/Credo-Product-Images.webp\",\"datePublished\":\"2024-04-22T22:29:42+00:00\",\"dateModified\":\"2024-07-01T19:51:24+00:00\",\"description\":\"La Red Credo existe para relanzar la Reforma espa\u00f1ola del siglo XVI para la iglesia de hoy.\",\"breadcrumb\":{\"@id\":\"https:\\\/\\\/lmusa.org\\\/es\\\/give\\\/credo\\\/#breadcrumb\"},\"inLanguage\":\"es\",\"potentialAction\":[{\"@type\":\"ReadAction\",\"target\":[\"https:\\\/\\\/lmusa.org\\\/es\\\/give\\\/credo\\\/\"]}]},{\"@type\":\"ImageObject\",\"inLanguage\":\"es\",\"@id\":\"https:\\\/\\\/lmusa.org\\\/es\\\/give\\\/credo\\\/#primaryimage\",\"url\":\"https:\\\/\\\/lmusa.org\\\/wp-content\\\/uploads\\\/2024\\\/04\\\/Credo-Product-Images.webp\",\"contentUrl\":\"https:\\\/\\\/lmusa.org\\\/wp-content\\\/uploads\\\/2024\\\/04\\\/Credo-Product-Images.webp\",\"width\":1200,\"height\":1200,\"caption\":\"Red Credo\"},{\"@type\":\"BreadcrumbList\",\"@id\":\"https:\\\/\\\/lmusa.org\\\/es\\\/give\\\/credo\\\/#breadcrumb\",\"itemListElement\":[{\"@type\":\"ListItem\",\"position\":1,\"name\":\"Home\",\"item\":\"https:\\\/\\\/lmusa.org\\\/es\\\/\"},{\"@type\":\"ListItem\",\"position\":2,\"name\":\"Donar\",\"item\":\"https:\\\/\\\/lmusa.org\\\/es\\\/donar\\\/\"},{\"@type\":\"ListItem\",\"position\":3,\"name\":\"Proyectos\",\"item\":\"https:\\\/\\\/lmusa.org\\\/es\\\/donate\\\/proyectos\\\/\"},{\"@type\":\"ListItem\",\"position\":4,\"name\":\"Europa\",\"item\":\"https:\\\/\\\/lmusa.org\\\/es\\\/donate\\\/proyectos\\\/europa-proyectos\\\/\"},{\"@type\":\"ListItem\",\"position\":5,\"name\":\"Red Credo\"}]},{\"@type\":\"WebSite\",\"@id\":\"https:\\\/\\\/lmusa.org\\\/es\\\/#website\",\"url\":\"https:\\\/\\\/lmusa.org\\\/es\\\/\",\"name\":\"Liebenzell Mission USA\",\"description\":\"Reaching hearts, teaching truth.\",\"publisher\":{\"@id\":\"https:\\\/\\\/lmusa.org\\\/es\\\/#organization\"},\"potentialAction\":[{\"@type\":\"SearchAction\",\"target\":{\"@type\":\"EntryPoint\",\"urlTemplate\":\"https:\\\/\\\/lmusa.org\\\/es\\\/?s={search_term_string}\"},\"query-input\":{\"@type\":\"PropertyValueSpecification\",\"valueRequired\":true,\"valueName\":\"search_term_string\"}}],\"inLanguage\":\"es\"},{\"@type\":\"Organization\",\"@id\":\"https:\\\/\\\/lmusa.org\\\/es\\\/#organization\",\"name\":\"Liebenzell USA\",\"alternateName\":\"LMUSA\",\"url\":\"https:\\\/\\\/lmusa.org\\\/es\\\/\",\"logo\":{\"@type\":\"ImageObject\",\"inLanguage\":\"es\",\"@id\":\"https:\\\/\\\/lmusa.org\\\/es\\\/#\\\/schema\\\/logo\\\/image\\\/\",\"url\":\"https:\\\/\\\/lmusa.org\\\/wp-content\\\/uploads\\\/2024\\\/01\\\/Liebenzell-Logo-with-Divider.svg\",\"contentUrl\":\"https:\\\/\\\/lmusa.org\\\/wp-content\\\/uploads\\\/2024\\\/01\\\/Liebenzell-Logo-with-Divider.svg\",\"width\":\"1024\",\"height\":\"1024\",\"caption\":\"Liebenzell USA\"},\"image\":{\"@id\":\"https:\\\/\\\/lmusa.org\\\/es\\\/#\\\/schema\\\/logo\\\/image\\\/\"}}]}<\/script>\n<!-- \/ Yoast SEO plugin. -->","yoast_head_json":{"title":"Red Credo","description":"La Red Credo existe para relanzar la Reforma espa\u00f1ola del siglo XVI para la iglesia de hoy.","robots":{"index":"index","follow":"follow","max-snippet":"max-snippet:-1","max-image-preview":"max-image-preview:large","max-video-preview":"max-video-preview:-1"},"canonical":"https:\/\/lmusa.org\/es\/give\/credo\/","og_locale":"es_ES","og_type":"article","og_title":"Red Credo","og_description":"La Red Credo existe para relanzar la Reforma espa\u00f1ola del siglo XVI para la iglesia de hoy.","og_url":"https:\/\/lmusa.org\/es\/give\/credo\/","og_site_name":"Liebenzell Mission USA","article_modified_time":"2024-07-01T19:51:24+00:00","og_image":[{"width":1200,"height":1200,"url":"https:\/\/lmusa.org\/wp-content\/uploads\/2024\/04\/Credo-Product-Images.webp","type":"image\/webp"}],"twitter_card":"summary_large_image","twitter_misc":{"Tiempo de lectura":"1 minuto"},"schema":{"@context":"https:\/\/schema.org","@graph":[{"@type":"WebPage","@id":"https:\/\/lmusa.org\/es\/give\/credo\/","url":"https:\/\/lmusa.org\/es\/give\/credo\/","name":"Red Credo","isPartOf":{"@id":"https:\/\/lmusa.org\/es\/#website"},"primaryImageOfPage":{"@id":"https:\/\/lmusa.org\/es\/give\/credo\/#primaryimage"},"image":{"@id":"https:\/\/lmusa.org\/es\/give\/credo\/#primaryimage"},"thumbnailUrl":"https:\/\/lmusa.org\/wp-content\/uploads\/2024\/04\/Credo-Product-Images.webp","datePublished":"2024-04-22T22:29:42+00:00","dateModified":"2024-07-01T19:51:24+00:00","description":"La Red Credo existe para relanzar la Reforma espa\u00f1ola del siglo XVI para la iglesia de hoy.","breadcrumb":{"@id":"https:\/\/lmusa.org\/es\/give\/credo\/#breadcrumb"},"inLanguage":"es","potentialAction":[{"@type":"ReadAction","target":["https:\/\/lmusa.org\/es\/give\/credo\/"]}]},{"@type":"ImageObject","inLanguage":"es","@id":"https:\/\/lmusa.org\/es\/give\/credo\/#primaryimage","url":"https:\/\/lmusa.org\/wp-content\/uploads\/2024\/04\/Credo-Product-Images.webp","contentUrl":"https:\/\/lmusa.org\/wp-content\/uploads\/2024\/04\/Credo-Product-Images.webp","width":1200,"height":1200,"caption":"Red Credo"},{"@type":"BreadcrumbList","@id":"https:\/\/lmusa.org\/es\/give\/credo\/#breadcrumb","itemListElement":[{"@type":"ListItem","position":1,"name":"Home","item":"https:\/\/lmusa.org\/es\/"},{"@type":"ListItem","position":2,"name":"Donar","item":"https:\/\/lmusa.org\/es\/donar\/"},{"@type":"ListItem","position":3,"name":"Proyectos","item":"https:\/\/lmusa.org\/es\/donate\/proyectos\/"},{"@type":"ListItem","position":4,"name":"Europa","item":"https:\/\/lmusa.org\/es\/donate\/proyectos\/europa-proyectos\/"},{"@type":"ListItem","position":5,"name":"Red Credo"}]},{"@type":"WebSite","@id":"https:\/\/lmusa.org\/es\/#website","url":"https:\/\/lmusa.org\/es\/","name":"Liebenzell Mission USA","description":"Reaching hearts, teaching truth.","publisher":{"@id":"https:\/\/lmusa.org\/es\/#organization"},"potentialAction":[{"@type":"SearchAction","target":{"@type":"EntryPoint","urlTemplate":"https:\/\/lmusa.org\/es\/?s={search_term_string}"},"query-input":{"@type":"PropertyValueSpecification","valueRequired":true,"valueName":"search_term_string"}}],"inLanguage":"es"},{"@type":"Organization","@id":"https:\/\/lmusa.org\/es\/#organization","name":"Liebenzell USA","alternateName":"LMUSA","url":"https:\/\/lmusa.org\/es\/","logo":{"@type":"ImageObject","inLanguage":"es","@id":"https:\/\/lmusa.org\/es\/#\/schema\/logo\/image\/","url":"https:\/\/lmusa.org\/wp-content\/uploads\/2024\/01\/Liebenzell-Logo-with-Divider.svg","contentUrl":"https:\/\/lmusa.org\/wp-content\/uploads\/2024\/01\/Liebenzell-Logo-with-Divider.svg","width":"1024","height":"1024","caption":"Liebenzell USA"},"image":{"@id":"https:\/\/lmusa.org\/es\/#\/schema\/logo\/image\/"}}]}},"rttpg_featured_image_url":{"full":["https:\/\/lmusa.org\/wp-content\/uploads\/2024\/04\/Credo-Product-Images.webp",1200,1200,false],"landscape":["https:\/\/lmusa.org\/wp-content\/uploads\/2024\/04\/Credo-Product-Images.webp",1200,1200,false],"portraits":["https:\/\/lmusa.org\/wp-content\/uploads\/2024\/04\/Credo-Product-Images.webp",1200,1200,false],"thumbnail":["https:\/\/lmusa.org\/wp-content\/uploads\/2024\/04\/Credo-Product-Images-150x150.webp",150,150,true],"medium":["https:\/\/lmusa.org\/wp-content\/uploads\/2024\/04\/Credo-Product-Images-300x300.webp",300,300,true],"large":["https:\/\/lmusa.org\/wp-content\/uploads\/2024\/04\/Credo-Product-Images-1024x1024.webp",1024,1024,true],"1536x1536":["https:\/\/lmusa.org\/wp-content\/uploads\/2024\/04\/Credo-Product-Images.webp",1200,1200,false],"2048x2048":["https:\/\/lmusa.org\/wp-content\/uploads\/2024\/04\/Credo-Product-Images.webp",1200,1200,false],"product-search-thumbnail-32x32":["https:\/\/lmusa.org\/wp-content\/uploads\/2024\/04\/Credo-Product-Images-32x32.webp",32,32,true],"portfolio-thumb":["https:\/\/lmusa.org\/wp-content\/uploads\/2024\/04\/Credo-Product-Images-600x403.webp",600,403,true],"nectar_small_square":["https:\/\/lmusa.org\/wp-content\/uploads\/2024\/04\/Credo-Product-Images-140x140.webp",140,140,true],"portfolio-thumb_large":["https:\/\/lmusa.org\/wp-content\/uploads\/2024\/04\/Credo-Product-Images-900x604.webp",900,604,true],"portfolio-thumb_small":["https:\/\/lmusa.org\/wp-content\/uploads\/2024\/04\/Credo-Product-Images-400x269.webp",400,269,true],"portfolio-widget":["https:\/\/lmusa.org\/wp-content\/uploads\/2024\/04\/Credo-Product-Images-100x100.webp",100,100,true],"wide":["https:\/\/lmusa.org\/wp-content\/uploads\/2024\/04\/Credo-Product-Images-1000x500.webp",1000,500,true],"wide_photography":["https:\/\/lmusa.org\/wp-content\/uploads\/2024\/04\/Credo-Product-Images-900x600.webp",900,600,true],"wide_small":["https:\/\/lmusa.org\/wp-content\/uploads\/2024\/04\/Credo-Product-Images-670x335.webp",670,335,true],"regular":["https:\/\/lmusa.org\/wp-content\/uploads\/2024\/04\/Credo-Product-Images-500x500.webp",500,500,true],"regular_small":["https:\/\/lmusa.org\/wp-content\/uploads\/2024\/04\/Credo-Product-Images-350x350.webp",350,350,true],"tall":["https:\/\/lmusa.org\/wp-content\/uploads\/2024\/04\/Credo-Product-Images-500x1000.webp",500,1000,true],"wide_tall":["https:\/\/lmusa.org\/wp-content\/uploads\/2024\/04\/Credo-Product-Images-1000x1000.webp",1000,1000,true],"large_featured":["https:\/\/lmusa.org\/wp-content\/uploads\/2024\/04\/Credo-Product-Images-1200x770.webp",1200,770,true],"medium_featured":["https:\/\/lmusa.org\/wp-content\/uploads\/2024\/04\/Credo-Product-Images-800x800.webp",800,800,true],"woocommerce_thumbnail":["https:\/\/lmusa.org\/wp-content\/uploads\/2024\/04\/Credo-Product-Images-300x300.webp",300,300,true],"woocommerce_single":["https:\/\/lmusa.org\/wp-content\/uploads\/2024\/04\/Credo-Product-Images-600x600.webp",600,600,true],"woocommerce_gallery_thumbnail":["https:\/\/lmusa.org\/wp-content\/uploads\/2024\/04\/Credo-Product-Images-150x150.webp",150,150,true],"rt_custom":["https:\/\/lmusa.org\/wp-content\/uploads\/2024\/04\/Credo-Product-Images.webp",1200,1200,false]},"rttpg_author":{"display_name":"Jeff McArthur","author_link":"https:\/\/lmusa.org\/es\/author\/"},"rttpg_comment":0,"rttpg_category":false,"rttpg_excerpt":"[vc_row type=\u00bbin_container\u00bb full_screen_row_position=\u00bbmiddle\u00bb column_margin=\u00bbdefault\u00bb column_direction=\u00bbdefault\u00bb column_direction_tablet=\u00bbdefault\u00bb column_direction_phone=\u00bbdefault\u00bb scene_position=\u00bbcenter\u00bb text_color=\u00bbdark\u00bb text_align=\u00bbleft\u00bb row_border_radius=\u00bbnone\u00bb row_border_radius_applies=\u00bbbg\u00bb overflow=\u00bbvisible\u00bb overlay_strength=\u00bb0.3&#8243; gradient_direction=\u00bbleft_to_right\u00bb shape_divider_position=\u00bbbottom\u00bb bg_image_animation=\u00bbnone\u00bb][vc_column column_padding=\u00bbno-extra-padding\u00bb column_padding_tablet=\u00bbinherit\u00bb column_padding_phone=\u00bbinherit\u00bb column_padding_position=\u00bball\u00bb column_element_direction_desktop=\u00bbdefault\u00bb column_element_spacing=\u00bbdefault\u00bb desktop_text_alignment=\u00bbdefault\u00bb tablet_text_alignment=\u00bbdefault\u00bb phone_text_alignment=\u00bbdefault\u00bb background_color_opacity=\u00bb1&#8243; background_hover_color_opacity=\u00bb1&#8243; column_backdrop_filter=\u00bbnone\u00bb column_shadow=\u00bbnone\u00bb...","_links":{"self":[{"href":"https:\/\/lmusa.org\/es\/wp-json\/wp\/v2\/product\/12361","targetHints":{"allow":["GET"]}}],"collection":[{"href":"https:\/\/lmusa.org\/es\/wp-json\/wp\/v2\/product"}],"about":[{"href":"https:\/\/lmusa.org\/es\/wp-json\/wp\/v2\/types\/product"}],"wp:featuredmedia":[{"embeddable":true,"href":"https:\/\/lmusa.org\/es\/wp-json\/wp\/v2\/media\/11417"}],"wp:attachment":[{"href":"https:\/\/lmusa.org\/es\/wp-json\/wp\/v2\/media?parent=12361"}],"wp:term":[{"taxonomy":"product_brand","embeddable":true,"href":"https:\/\/lmusa.org\/es\/wp-json\/wp\/v2\/product_brand?post=12361"},{"taxonomy":"product_cat","embeddable":true,"href":"https:\/\/lmusa.org\/es\/wp-json\/wp\/v2\/product_cat?post=12361"},{"taxonomy":"product_tag","embeddable":true,"href":"https:\/\/lmusa.org\/es\/wp-json\/wp\/v2\/product_tag?post=12361"},{"taxonomy":"wf_product_folders","embeddable":true,"href":"https:\/\/lmusa.org\/es\/wp-json\/wp\/v2\/wf_product_folders?post=12361"}],"curies":[{"name":"wp","href":"https:\/\/api.w.org\/{rel}","templated":true}]}}