{"id":12675,"date":"2024-07-22T18:45:09","date_gmt":"2024-07-22T22:45:09","guid":{"rendered":"https:\/\/lmusa.org\/?post_type=product&#038;p=12675"},"modified":"2025-02-26T13:40:00","modified_gmt":"2025-02-26T18:40:00","slug":"la-trinidad","status":"publish","type":"product","link":"https:\/\/lmusa.org\/es\/give\/la-trinidad\/","title":{"rendered":"Iglesia de la Trinidad en Santiponce"},"content":{"rendered":"[vc_row type=\u00bbin_container\u00bb full_screen_row_position=\u00bbmiddle\u00bb column_margin=\u00bbdefault\u00bb column_direction=\u00bbdefault\u00bb column_direction_tablet=\u00bbdefault\u00bb column_direction_phone=\u00bbdefault\u00bb scene_position=\u00bbcenter\u00bb text_color=\u00bbdark\u00bb text_align=\u00bbleft\u00bb row_border_radius=\u00bbnone\u00bb row_border_radius_applies=\u00bbbg\u00bb overflow=\u00bbvisible\u00bb overlay_strength=\u00bb0.3&#8243; gradient_direction=\u00bbleft_to_right\u00bb shape_divider_position=\u00bbbottom\u00bb bg_image_animation=\u00bbnone\u00bb][vc_column column_padding=\u00bbno-extra-padding\u00bb column_padding_tablet=\u00bbinherit\u00bb column_padding_phone=\u00bbinherit\u00bb column_padding_position=\u00bball\u00bb column_element_direction_desktop=\u00bbdefault\u00bb column_element_spacing=\u00bbdefault\u00bb desktop_text_alignment=\u00bbdefault\u00bb tablet_text_alignment=\u00bbdefault\u00bb phone_text_alignment=\u00bbdefault\u00bb background_color_opacity=\u00bb1&#8243; background_hover_color_opacity=\u00bb1&#8243; column_backdrop_filter=\u00bbnone\u00bb column_shadow=\u00bbnone\u00bb column_border_radius=\u00bbnone\u00bb column_link_target=\u00bb_self\u00bb column_position=\u00bbdefault\u00bb gradient_direction=\u00bbleft_to_right\u00bb overlay_strength=\u00bb0.3&#8243; width=\u00bb1\/1&#8243; tablet_width_inherit=\u00bbdefault\u00bb animation_type=\u00bbdefault\u00bb bg_image_animation=\u00bbnone\u00bb border_type=\u00bbsimple\u00bb column_border_width=\u00bbnone\u00bb column_border_style=\u00bbsolid\u00bb][vc_column_text][\/vc_column_text][\/vc_column][\/vc_row][vc_row type=\u00bbfull_width_background\u00bb full_screen_row_position=\u00bbmiddle\u00bb column_margin=\u00bbdefault\u00bb column_direction=\u00bbdefault\u00bb column_direction_tablet=\u00bbdefault\u00bb column_direction_phone=\u00bbdefault\u00bb bg_color=\u00bb#ebebeb\u00bb scene_position=\u00bbcenter\u00bb top_padding=\u00bb30&#8243; constrain_group_1=\u00bbyes\u00bb bottom_padding=\u00bb30&#8243; text_color=\u00bbdark\u00bb text_align=\u00bbleft\u00bb row_border_radius=\u00bbnone\u00bb row_border_radius_applies=\u00bbbg\u00bb overflow=\u00bbvisible\u00bb id=\u00bbabout\u00bb overlay_strength=\u00bb0.3&#8243; gradient_direction=\u00bbleft_to_right\u00bb shape_divider_position=\u00bbbottom\u00bb bg_image_animation=\u00bbnone\u00bb gradient_type=\u00bbdefault\u00bb shape_type=\u00bb\u00bb][vc_column column_padding=\u00bbno-extra-padding\u00bb column_padding_tablet=\u00bbinherit\u00bb column_padding_phone=\u00bbinherit\u00bb column_padding_position=\u00bball\u00bb column_element_direction_desktop=\u00bbdefault\u00bb column_element_spacing=\u00bbdefault\u00bb desktop_text_alignment=\u00bbdefault\u00bb tablet_text_alignment=\u00bbdefault\u00bb phone_text_alignment=\u00bbdefault\u00bb background_color_opacity=\u00bb1&#8243; background_hover_color_opacity=\u00bb1&#8243; column_backdrop_filter=\u00bbnone\u00bb column_shadow=\u00bbnone\u00bb column_border_radius=\u00bbnone\u00bb column_link_target=\u00bb_self\u00bb column_position=\u00bbdefault\u00bb gradient_direction=\u00bbleft_to_right\u00bb overlay_strength=\u00bb0.3&#8243; width=\u00bb1\/1&#8243; tablet_width_inherit=\u00bbdefault\u00bb animation_type=\u00bbdefault\u00bb bg_image_animation=\u00bbnone\u00bb border_type=\u00bbsimple\u00bb column_border_width=\u00bbnone\u00bb column_border_style=\u00bbsolid\u00bb][vc_column_text css=\u00bb\u00bb text_direction=\u00bbdefault\u00bb]\n<h2><span style=\"color: #333399;\">Acerca de Iglesia de la Trinidad<\/span><\/h2>\n<p>La Iglesia de la Trinidad es una nueva iglesia plantada en Santiponce, Espa\u00f1a, el coraz\u00f3n de la Reforma Espa\u00f1ola del siglo XVI. Santiponce es la ciudad donde se encuentra el famoso monasterio donde un grupo de monjes espa\u00f1oles se hicieron protestantes y huyeron de Espa\u00f1a pocos meses antes de que la Inquisici\u00f3n espa\u00f1ola comenzara a quemar \u00abherejes\u00bb. Con esta iglesia pretendemos relanzar el protestantismo hist\u00f3rico espa\u00f1ol a nivel eclesi\u00e1stico. Por ejemplo, nuestra confesi\u00f3n de fe es la que escribieron los monjes que huyeron del monasterio de Santiponce y fundaron una iglesia hispanohablante en Londres. La iglesia colabora estrechamente con el Seminario Teol\u00f3gico de Sevilla, y las dos entidades tienen potencial para iniciar un movimiento de plantaci\u00f3n de iglesias o misiones en Espa\u00f1a y m\u00e1s all\u00e1. Nuestras necesidades iniciales son para los gastos de lanzamiento, tales como la compra de Biblias y la publicidad, y luego para los gastos corrientes, tales como eventos de alcance y discipulado.     <\/p>\n<h3><span style=\"color: #b42227;\">Programa de Pr\u00e1cticas<\/span><\/h3>\n<p>Adem\u00e1s de apoyar a nuestra iglesia, tambi\u00e9n puedes apoyar nuestro programa de <span class=\"il\">pr\u00e1cticas<\/span>. La mayor\u00eda de los estudiantes tienen que trabajar durante sus estudios (y mientras son pastores), lo que puede tener el doble efecto negativo de alargar innecesariamente la duraci\u00f3n de sus estudios y distraer su atenci\u00f3n en el aprendizaje. Nuestro programa de <span class=\"il\">pr\u00e1cticas<\/span> est\u00e1 dise\u00f1ado para dar a los estudiantes la oportunidad de aprender sin tener que trabajar: durante un a\u00f1o podr\u00e1n hacer <span class=\"il\">pr\u00e1cticas<\/span> en la iglesia y asistir al Seminario Teol\u00f3gico de Sevilla sin tener que trabajar. \u00a1As\u00ed es como mejor se forman los futuros pastores y misioneros! Si desea donar a nuestro programa de <span class=\"il\">pr\u00e1cticas<\/span>, done arriba y luego env\u00ede un correo electr\u00f3nico Andrew Messmer: <a href=\"mailto:almessmers@liebenzellusa.org\" target=\"_blank\" rel=\"noopener\">almessmers@liebenzellusa.org<\/a>.    <\/p>\n<p><span style=\"color: #999999;\">Actualizado 2024-09-04<\/span>[\/vc_column_text][\/vc_column][\/vc_row]\n","protected":false},"excerpt":{"rendered":"<p>[vc_row type=\u00bbin_container\u00bb full_screen_row_position=\u00bbmiddle\u00bb column_margin=\u00bbdefault\u00bb column_direction=\u00bbdefault\u00bb column_direction_tablet=\u00bbdefault\u00bb column_direction_phone=\u00bbdefault\u00bb scene_position=\u00bbcenter\u00bb text_color=\u00bbdark\u00bb text_align=\u00bbleft\u00bb row_border_radius=\u00bbnone\u00bb row_border_radius_applies=\u00bbbg\u00bb overflow=\u00bbvisible\u00bb overlay_strength=\u00bb0.3&#8243; gradient_direction=\u00bbleft_to_right\u00bb shape_divider_position=\u00bbbottom\u00bb bg_image_animation=\u00bbnone\u00bb][vc_column column_padding=\u00bbno-extra-padding\u00bb column_padding_tablet=\u00bbinherit\u00bb column_padding_phone=\u00bbinherit\u00bb column_padding_position=\u00bball\u00bb column_element_direction_desktop=\u00bbdefault\u00bb column_element_spacing=\u00bbdefault\u00bb desktop_text_alignment=\u00bbdefault\u00bb tablet_text_alignment=\u00bbdefault\u00bb phone_text_alignment=\u00bbdefault\u00bb background_color_opacity=\u00bb1&#8243; background_hover_color_opacity=\u00bb1&#8243; column_backdrop_filter=\u00bbnone\u00bb column_shadow=\u00bbnone\u00bb&#8230;<\/p>\n","protected":false},"featured_media":12681,"template":"","meta":{"_acf_changed":false,"give_campaign_id":0,"inline_featured_image":false},"product_brand":[],"product_cat":[151,152],"product_tag":[],"wf_product_folders":[133],"class_list":{"0":"post-12675","1":"product","2":"type-product","3":"status-publish","4":"has-post-thumbnail","6":"product_cat-europa-proyectos","7":"product_cat-proyectos","9":"first","10":"instock","11":"sold-individually","12":"shipping-taxable","13":"purchasable","14":"product-type-variable-subscription","15":"has-default-attributes"},"acf":[],"yoast_head":"<!-- This site is optimized with the Yoast SEO plugin v27.4 - https:\/\/yoast.com\/product\/yoast-seo-wordpress\/ -->\n<title>Iglesia de la Trinidad<\/title>\n<meta name=\"description\" content=\"La Iglesia de la Trinidad es una nueva iglesia plantada en Santiponce, Espa\u00f1a, el coraz\u00f3n de la Reforma Espa\u00f1ola del siglo XVI. Con esta iglesia pretendemos relanzar el protestantismo hist\u00f3rico espa\u00f1ol a nivel eclesi\u00e1stico.\" \/>\n<meta name=\"robots\" content=\"index, follow, max-snippet:-1, max-image-preview:large, max-video-preview:-1\" \/>\n<link rel=\"canonical\" href=\"https:\/\/lmusa.org\/es\/give\/la-trinidad\/\" \/>\n<meta property=\"og:locale\" content=\"es_ES\" \/>\n<meta property=\"og:type\" content=\"article\" \/>\n<meta property=\"og:title\" content=\"Iglesia de la Trinidad\" \/>\n<meta property=\"og:description\" content=\"La Iglesia de la Trinidad es una nueva iglesia plantada en Santiponce, Espa\u00f1a, el coraz\u00f3n de la Reforma Espa\u00f1ola del siglo XVI. Con esta iglesia pretendemos relanzar el protestantismo hist\u00f3rico espa\u00f1ol a nivel eclesi\u00e1stico.\" \/>\n<meta property=\"og:url\" content=\"https:\/\/lmusa.org\/es\/give\/la-trinidad\/\" \/>\n<meta property=\"og:site_name\" content=\"Liebenzell Mission USA\" \/>\n<meta property=\"article:modified_time\" content=\"2025-02-26T18:40:00+00:00\" \/>\n<meta name=\"twitter:card\" content=\"summary_large_image\" \/>\n<meta name=\"twitter:label1\" content=\"Tiempo de lectura\" \/>\n\t<meta name=\"twitter:data1\" content=\"1 minuto\" \/>\n<script type=\"application\/ld+json\" class=\"yoast-schema-graph\">{\"@context\":\"https:\\\/\\\/schema.org\",\"@graph\":[{\"@type\":\"WebPage\",\"@id\":\"https:\\\/\\\/lmusa.org\\\/es\\\/give\\\/la-trinidad\\\/\",\"url\":\"https:\\\/\\\/lmusa.org\\\/es\\\/give\\\/la-trinidad\\\/\",\"name\":\"Iglesia de la Trinidad\",\"isPartOf\":{\"@id\":\"https:\\\/\\\/lmusa.org\\\/es\\\/#website\"},\"primaryImageOfPage\":{\"@id\":\"https:\\\/\\\/lmusa.org\\\/es\\\/give\\\/la-trinidad\\\/#primaryimage\"},\"image\":{\"@id\":\"https:\\\/\\\/lmusa.org\\\/es\\\/give\\\/la-trinidad\\\/#primaryimage\"},\"thumbnailUrl\":\"https:\\\/\\\/lmusa.org\\\/wp-content\\\/uploads\\\/2024\\\/07\\\/Trinidad-Church-Product-Images.avif\",\"datePublished\":\"2024-07-22T22:45:09+00:00\",\"dateModified\":\"2025-02-26T18:40:00+00:00\",\"description\":\"La Iglesia de la Trinidad es una nueva iglesia plantada en Santiponce, Espa\u00f1a, el coraz\u00f3n de la Reforma Espa\u00f1ola del siglo XVI. Con esta iglesia pretendemos relanzar el protestantismo hist\u00f3rico espa\u00f1ol a nivel eclesi\u00e1stico.\",\"breadcrumb\":{\"@id\":\"https:\\\/\\\/lmusa.org\\\/es\\\/give\\\/la-trinidad\\\/#breadcrumb\"},\"inLanguage\":\"es\",\"potentialAction\":[{\"@type\":\"ReadAction\",\"target\":[\"https:\\\/\\\/lmusa.org\\\/es\\\/give\\\/la-trinidad\\\/\"]}]},{\"@type\":\"ImageObject\",\"inLanguage\":\"es\",\"@id\":\"https:\\\/\\\/lmusa.org\\\/es\\\/give\\\/la-trinidad\\\/#primaryimage\",\"url\":\"https:\\\/\\\/lmusa.org\\\/wp-content\\\/uploads\\\/2024\\\/07\\\/Trinidad-Church-Product-Images.avif\",\"contentUrl\":\"https:\\\/\\\/lmusa.org\\\/wp-content\\\/uploads\\\/2024\\\/07\\\/Trinidad-Church-Product-Images.avif\",\"width\":1200,\"height\":1200,\"caption\":\"Iglesia de La Trinidad\"},{\"@type\":\"BreadcrumbList\",\"@id\":\"https:\\\/\\\/lmusa.org\\\/es\\\/give\\\/la-trinidad\\\/#breadcrumb\",\"itemListElement\":[{\"@type\":\"ListItem\",\"position\":1,\"name\":\"Home\",\"item\":\"https:\\\/\\\/lmusa.org\\\/es\\\/\"},{\"@type\":\"ListItem\",\"position\":2,\"name\":\"Donar\",\"item\":\"https:\\\/\\\/lmusa.org\\\/es\\\/donar\\\/\"},{\"@type\":\"ListItem\",\"position\":3,\"name\":\"Proyectos\",\"item\":\"https:\\\/\\\/lmusa.org\\\/es\\\/donate\\\/proyectos\\\/\"},{\"@type\":\"ListItem\",\"position\":4,\"name\":\"Europa\",\"item\":\"https:\\\/\\\/lmusa.org\\\/es\\\/donate\\\/proyectos\\\/europa-proyectos\\\/\"},{\"@type\":\"ListItem\",\"position\":5,\"name\":\"Iglesia de la Trinidad en Santiponce\"}]},{\"@type\":\"WebSite\",\"@id\":\"https:\\\/\\\/lmusa.org\\\/es\\\/#website\",\"url\":\"https:\\\/\\\/lmusa.org\\\/es\\\/\",\"name\":\"Liebenzell Mission USA\",\"description\":\"Reaching hearts, teaching truth.\",\"publisher\":{\"@id\":\"https:\\\/\\\/lmusa.org\\\/es\\\/#organization\"},\"potentialAction\":[{\"@type\":\"SearchAction\",\"target\":{\"@type\":\"EntryPoint\",\"urlTemplate\":\"https:\\\/\\\/lmusa.org\\\/es\\\/?s={search_term_string}\"},\"query-input\":{\"@type\":\"PropertyValueSpecification\",\"valueRequired\":true,\"valueName\":\"search_term_string\"}}],\"inLanguage\":\"es\"},{\"@type\":\"Organization\",\"@id\":\"https:\\\/\\\/lmusa.org\\\/es\\\/#organization\",\"name\":\"Liebenzell USA\",\"alternateName\":\"LMUSA\",\"url\":\"https:\\\/\\\/lmusa.org\\\/es\\\/\",\"logo\":{\"@type\":\"ImageObject\",\"inLanguage\":\"es\",\"@id\":\"https:\\\/\\\/lmusa.org\\\/es\\\/#\\\/schema\\\/logo\\\/image\\\/\",\"url\":\"https:\\\/\\\/lmusa.org\\\/wp-content\\\/uploads\\\/2024\\\/01\\\/Liebenzell-Logo-with-Divider.svg\",\"contentUrl\":\"https:\\\/\\\/lmusa.org\\\/wp-content\\\/uploads\\\/2024\\\/01\\\/Liebenzell-Logo-with-Divider.svg\",\"width\":\"1024\",\"height\":\"1024\",\"caption\":\"Liebenzell USA\"},\"image\":{\"@id\":\"https:\\\/\\\/lmusa.org\\\/es\\\/#\\\/schema\\\/logo\\\/image\\\/\"}}]}<\/script>\n<!-- \/ Yoast SEO plugin. -->","yoast_head_json":{"title":"Iglesia de la Trinidad","description":"La Iglesia de la Trinidad es una nueva iglesia plantada en Santiponce, Espa\u00f1a, el coraz\u00f3n de la Reforma Espa\u00f1ola del siglo XVI. Con esta iglesia pretendemos relanzar el protestantismo hist\u00f3rico espa\u00f1ol a nivel eclesi\u00e1stico.","robots":{"index":"index","follow":"follow","max-snippet":"max-snippet:-1","max-image-preview":"max-image-preview:large","max-video-preview":"max-video-preview:-1"},"canonical":"https:\/\/lmusa.org\/es\/give\/la-trinidad\/","og_locale":"es_ES","og_type":"article","og_title":"Iglesia de la Trinidad","og_description":"La Iglesia de la Trinidad es una nueva iglesia plantada en Santiponce, Espa\u00f1a, el coraz\u00f3n de la Reforma Espa\u00f1ola del siglo XVI. Con esta iglesia pretendemos relanzar el protestantismo hist\u00f3rico espa\u00f1ol a nivel eclesi\u00e1stico.","og_url":"https:\/\/lmusa.org\/es\/give\/la-trinidad\/","og_site_name":"Liebenzell Mission USA","article_modified_time":"2025-02-26T18:40:00+00:00","twitter_card":"summary_large_image","twitter_misc":{"Tiempo de lectura":"1 minuto"},"schema":{"@context":"https:\/\/schema.org","@graph":[{"@type":"WebPage","@id":"https:\/\/lmusa.org\/es\/give\/la-trinidad\/","url":"https:\/\/lmusa.org\/es\/give\/la-trinidad\/","name":"Iglesia de la Trinidad","isPartOf":{"@id":"https:\/\/lmusa.org\/es\/#website"},"primaryImageOfPage":{"@id":"https:\/\/lmusa.org\/es\/give\/la-trinidad\/#primaryimage"},"image":{"@id":"https:\/\/lmusa.org\/es\/give\/la-trinidad\/#primaryimage"},"thumbnailUrl":"https:\/\/lmusa.org\/wp-content\/uploads\/2024\/07\/Trinidad-Church-Product-Images.avif","datePublished":"2024-07-22T22:45:09+00:00","dateModified":"2025-02-26T18:40:00+00:00","description":"La Iglesia de la Trinidad es una nueva iglesia plantada en Santiponce, Espa\u00f1a, el coraz\u00f3n de la Reforma Espa\u00f1ola del siglo XVI. Con esta iglesia pretendemos relanzar el protestantismo hist\u00f3rico espa\u00f1ol a nivel eclesi\u00e1stico.","breadcrumb":{"@id":"https:\/\/lmusa.org\/es\/give\/la-trinidad\/#breadcrumb"},"inLanguage":"es","potentialAction":[{"@type":"ReadAction","target":["https:\/\/lmusa.org\/es\/give\/la-trinidad\/"]}]},{"@type":"ImageObject","inLanguage":"es","@id":"https:\/\/lmusa.org\/es\/give\/la-trinidad\/#primaryimage","url":"https:\/\/lmusa.org\/wp-content\/uploads\/2024\/07\/Trinidad-Church-Product-Images.avif","contentUrl":"https:\/\/lmusa.org\/wp-content\/uploads\/2024\/07\/Trinidad-Church-Product-Images.avif","width":1200,"height":1200,"caption":"Iglesia de La Trinidad"},{"@type":"BreadcrumbList","@id":"https:\/\/lmusa.org\/es\/give\/la-trinidad\/#breadcrumb","itemListElement":[{"@type":"ListItem","position":1,"name":"Home","item":"https:\/\/lmusa.org\/es\/"},{"@type":"ListItem","position":2,"name":"Donar","item":"https:\/\/lmusa.org\/es\/donar\/"},{"@type":"ListItem","position":3,"name":"Proyectos","item":"https:\/\/lmusa.org\/es\/donate\/proyectos\/"},{"@type":"ListItem","position":4,"name":"Europa","item":"https:\/\/lmusa.org\/es\/donate\/proyectos\/europa-proyectos\/"},{"@type":"ListItem","position":5,"name":"Iglesia de la Trinidad en Santiponce"}]},{"@type":"WebSite","@id":"https:\/\/lmusa.org\/es\/#website","url":"https:\/\/lmusa.org\/es\/","name":"Liebenzell Mission USA","description":"Reaching hearts, teaching truth.","publisher":{"@id":"https:\/\/lmusa.org\/es\/#organization"},"potentialAction":[{"@type":"SearchAction","target":{"@type":"EntryPoint","urlTemplate":"https:\/\/lmusa.org\/es\/?s={search_term_string}"},"query-input":{"@type":"PropertyValueSpecification","valueRequired":true,"valueName":"search_term_string"}}],"inLanguage":"es"},{"@type":"Organization","@id":"https:\/\/lmusa.org\/es\/#organization","name":"Liebenzell USA","alternateName":"LMUSA","url":"https:\/\/lmusa.org\/es\/","logo":{"@type":"ImageObject","inLanguage":"es","@id":"https:\/\/lmusa.org\/es\/#\/schema\/logo\/image\/","url":"https:\/\/lmusa.org\/wp-content\/uploads\/2024\/01\/Liebenzell-Logo-with-Divider.svg","contentUrl":"https:\/\/lmusa.org\/wp-content\/uploads\/2024\/01\/Liebenzell-Logo-with-Divider.svg","width":"1024","height":"1024","caption":"Liebenzell USA"},"image":{"@id":"https:\/\/lmusa.org\/es\/#\/schema\/logo\/image\/"}}]}},"rttpg_featured_image_url":{"full":["https:\/\/lmusa.org\/wp-content\/uploads\/2024\/07\/Trinidad-Church-Product-Images.avif",1200,1200,false],"landscape":["https:\/\/lmusa.org\/wp-content\/uploads\/2024\/07\/Trinidad-Church-Product-Images.avif",1200,1200,false],"portraits":["https:\/\/lmusa.org\/wp-content\/uploads\/2024\/07\/Trinidad-Church-Product-Images.avif",1200,1200,false],"thumbnail":["https:\/\/lmusa.org\/wp-content\/uploads\/2024\/07\/Trinidad-Church-Product-Images-150x150.avif",150,150,true],"medium":["https:\/\/lmusa.org\/wp-content\/uploads\/2024\/07\/Trinidad-Church-Product-Images-300x300.avif",300,300,true],"large":["https:\/\/lmusa.org\/wp-content\/uploads\/2024\/07\/Trinidad-Church-Product-Images-1024x1024.avif",1024,1024,true],"1536x1536":["https:\/\/lmusa.org\/wp-content\/uploads\/2024\/07\/Trinidad-Church-Product-Images.avif",1200,1200,false],"2048x2048":["https:\/\/lmusa.org\/wp-content\/uploads\/2024\/07\/Trinidad-Church-Product-Images.avif",1200,1200,false],"product-search-thumbnail-32x32":["https:\/\/lmusa.org\/wp-content\/uploads\/2024\/07\/Trinidad-Church-Product-Images-32x32.avif",32,32,true],"portfolio-thumb":["https:\/\/lmusa.org\/wp-content\/uploads\/2024\/07\/Trinidad-Church-Product-Images-600x403.avif",600,403,true],"nectar_small_square":["https:\/\/lmusa.org\/wp-content\/uploads\/2024\/07\/Trinidad-Church-Product-Images-140x140.avif",140,140,true],"portfolio-thumb_large":["https:\/\/lmusa.org\/wp-content\/uploads\/2024\/07\/Trinidad-Church-Product-Images-900x604.avif",900,604,true],"portfolio-thumb_small":["https:\/\/lmusa.org\/wp-content\/uploads\/2024\/07\/Trinidad-Church-Product-Images-400x269.avif",400,269,true],"portfolio-widget":["https:\/\/lmusa.org\/wp-content\/uploads\/2024\/07\/Trinidad-Church-Product-Images-100x100.avif",100,100,true],"wide":["https:\/\/lmusa.org\/wp-content\/uploads\/2024\/07\/Trinidad-Church-Product-Images-1000x500.avif",1000,500,true],"wide_photography":["https:\/\/lmusa.org\/wp-content\/uploads\/2024\/07\/Trinidad-Church-Product-Images-900x600.avif",900,600,true],"wide_small":["https:\/\/lmusa.org\/wp-content\/uploads\/2024\/07\/Trinidad-Church-Product-Images-670x335.avif",670,335,true],"regular":["https:\/\/lmusa.org\/wp-content\/uploads\/2024\/07\/Trinidad-Church-Product-Images-500x500.avif",500,500,true],"regular_small":["https:\/\/lmusa.org\/wp-content\/uploads\/2024\/07\/Trinidad-Church-Product-Images-350x350.avif",350,350,true],"tall":["https:\/\/lmusa.org\/wp-content\/uploads\/2024\/07\/Trinidad-Church-Product-Images-500x1000.avif",500,1000,true],"wide_tall":["https:\/\/lmusa.org\/wp-content\/uploads\/2024\/07\/Trinidad-Church-Product-Images-1000x1000.avif",1000,1000,true],"large_featured":["https:\/\/lmusa.org\/wp-content\/uploads\/2024\/07\/Trinidad-Church-Product-Images-1200x770.avif",1200,770,true],"medium_featured":["https:\/\/lmusa.org\/wp-content\/uploads\/2024\/07\/Trinidad-Church-Product-Images-800x800.avif",800,800,true],"woocommerce_thumbnail":["https:\/\/lmusa.org\/wp-content\/uploads\/2024\/07\/Trinidad-Church-Product-Images-300x300.avif",300,300,true],"woocommerce_single":["https:\/\/lmusa.org\/wp-content\/uploads\/2024\/07\/Trinidad-Church-Product-Images-600x600.avif",600,600,true],"woocommerce_gallery_thumbnail":["https:\/\/lmusa.org\/wp-content\/uploads\/2024\/07\/Trinidad-Church-Product-Images-150x150.avif",150,150,true],"rt_custom":["https:\/\/lmusa.org\/wp-content\/uploads\/2024\/07\/Trinidad-Church-Product-Images.avif",1200,1200,false]},"rttpg_author":{"display_name":"Jeff McArthur","author_link":"https:\/\/lmusa.org\/es\/author\/"},"rttpg_comment":0,"rttpg_category":false,"rttpg_excerpt":"[vc_row type=\u00bbin_container\u00bb full_screen_row_position=\u00bbmiddle\u00bb column_margin=\u00bbdefault\u00bb column_direction=\u00bbdefault\u00bb column_direction_tablet=\u00bbdefault\u00bb column_direction_phone=\u00bbdefault\u00bb scene_position=\u00bbcenter\u00bb text_color=\u00bbdark\u00bb text_align=\u00bbleft\u00bb row_border_radius=\u00bbnone\u00bb row_border_radius_applies=\u00bbbg\u00bb overflow=\u00bbvisible\u00bb overlay_strength=\u00bb0.3&#8243; gradient_direction=\u00bbleft_to_right\u00bb shape_divider_position=\u00bbbottom\u00bb bg_image_animation=\u00bbnone\u00bb][vc_column column_padding=\u00bbno-extra-padding\u00bb column_padding_tablet=\u00bbinherit\u00bb column_padding_phone=\u00bbinherit\u00bb column_padding_position=\u00bball\u00bb column_element_direction_desktop=\u00bbdefault\u00bb column_element_spacing=\u00bbdefault\u00bb desktop_text_alignment=\u00bbdefault\u00bb tablet_text_alignment=\u00bbdefault\u00bb phone_text_alignment=\u00bbdefault\u00bb background_color_opacity=\u00bb1&#8243; background_hover_color_opacity=\u00bb1&#8243; column_backdrop_filter=\u00bbnone\u00bb column_shadow=\u00bbnone\u00bb...","_links":{"self":[{"href":"https:\/\/lmusa.org\/es\/wp-json\/wp\/v2\/product\/12675","targetHints":{"allow":["GET"]}}],"collection":[{"href":"https:\/\/lmusa.org\/es\/wp-json\/wp\/v2\/product"}],"about":[{"href":"https:\/\/lmusa.org\/es\/wp-json\/wp\/v2\/types\/product"}],"wp:featuredmedia":[{"embeddable":true,"href":"https:\/\/lmusa.org\/es\/wp-json\/wp\/v2\/media\/12681"}],"wp:attachment":[{"href":"https:\/\/lmusa.org\/es\/wp-json\/wp\/v2\/media?parent=12675"}],"wp:term":[{"taxonomy":"product_brand","embeddable":true,"href":"https:\/\/lmusa.org\/es\/wp-json\/wp\/v2\/product_brand?post=12675"},{"taxonomy":"product_cat","embeddable":true,"href":"https:\/\/lmusa.org\/es\/wp-json\/wp\/v2\/product_cat?post=12675"},{"taxonomy":"product_tag","embeddable":true,"href":"https:\/\/lmusa.org\/es\/wp-json\/wp\/v2\/product_tag?post=12675"},{"taxonomy":"wf_product_folders","embeddable":true,"href":"https:\/\/lmusa.org\/es\/wp-json\/wp\/v2\/wf_product_folders?post=12675"}],"curies":[{"name":"wp","href":"https:\/\/api.w.org\/{rel}","templated":true}]}}