{"id":22200,"date":"2026-03-11T08:19:44","date_gmt":"2026-03-11T12:19:44","guid":{"rendered":"https:\/\/lmusa.org\/?post_type=product&#038;p=22200"},"modified":"2026-03-12T08:43:09","modified_gmt":"2026-03-12T12:43:09","slug":"cm-gramajo","status":"publish","type":"product","link":"https:\/\/lmusa.org\/es\/give\/cm-gramajo\/","title":{"rendered":"Cesar &#038; Myriam Gramajo"},"content":{"rendered":"[vc_row type=\u00bbfull_width_background\u00bb full_screen_row_position=\u00bbmiddle\u00bb column_margin=\u00bbdefault\u00bb column_direction=\u00bbdefault\u00bb column_direction_tablet=\u00bbdefault\u00bb column_direction_phone=\u00bbdefault\u00bb bg_color=\u00bb#ebebeb\u00bb scene_position=\u00bbcenter\u00bb top_padding=\u00bb30&#8243; constrain_group_1=\u00bbyes\u00bb bottom_padding=\u00bb30&#8243; text_color=\u00bbdark\u00bb text_align=\u00bbleft\u00bb row_border_radius=\u00bbnone\u00bb row_border_radius_applies=\u00bbbg\u00bb overflow=\u00bbvisible\u00bb id=\u00bbabout\u00bb overlay_strength=\u00bb0.3&#8243; gradient_direction=\u00bbleft_to_right\u00bb shape_divider_position=\u00bbbottom\u00bb bg_image_animation=\u00bbnone\u00bb gradient_type=\u00bbdefault\u00bb shape_type=\u00bb\u00bb][vc_column column_padding=\u00bbno-extra-padding\u00bb column_padding_tablet=\u00bbinherit\u00bb column_padding_phone=\u00bbinherit\u00bb column_padding_position=\u00bball\u00bb column_element_direction_desktop=\u00bbdefault\u00bb column_element_spacing=\u00bbdefault\u00bb desktop_text_alignment=\u00bbdefault\u00bb tablet_text_alignment=\u00bbdefault\u00bb phone_text_alignment=\u00bbdefault\u00bb background_color_opacity=\u00bb1&#8243; background_hover_color_opacity=\u00bb1&#8243; column_backdrop_filter=\u00bbnone\u00bb column_shadow=\u00bbnone\u00bb column_border_radius=\u00bbnone\u00bb column_link_target=\u00bb_self\u00bb column_position=\u00bbdefault\u00bb gradient_direction=\u00bbleft_to_right\u00bb overlay_strength=\u00bb0.3&#8243; width=\u00bb1\/1&#8243; tablet_width_inherit=\u00bbdefault\u00bb animation_type=\u00bbdefault\u00bb bg_image_animation=\u00bbnone\u00bb border_type=\u00bbsimple\u00bb column_border_width=\u00bbnone\u00bb column_border_style=\u00bbsolid\u00bb][vc_row_inner equal_height=\u00bbyes\u00bb content_placement=\u00bbmiddle\u00bb column_margin=\u00bbdefault\u00bb column_direction=\u00bbdefault\u00bb column_direction_tablet=\u00bbdefault\u00bb column_direction_phone=\u00bbdefault\u00bb text_align=\u00bbleft\u00bb row_position=\u00bbdefault\u00bb row_position_tablet=\u00bbinherit\u00bb row_position_phone=\u00bbinherit\u00bb overflow=\u00bbvisible\u00bb pointer_events=\u00bball\u00bb][vc_column_inner column_padding=\u00bbno-extra-padding\u00bb column_padding_tablet=\u00bbinherit\u00bb column_padding_phone=\u00bbinherit\u00bb column_padding_position=\u00bball\u00bb column_element_direction_desktop=\u00bbdefault\u00bb column_element_spacing=\u00bbdefault\u00bb desktop_text_alignment=\u00bbdefault\u00bb tablet_text_alignment=\u00bbdefault\u00bb phone_text_alignment=\u00bbdefault\u00bb background_color_opacity=\u00bb1&#8243; background_hover_color_opacity=\u00bb1&#8243; column_backdrop_filter=\u00bbnone\u00bb column_shadow=\u00bbnone\u00bb column_border_radius=\u00bbnone\u00bb column_link_target=\u00bb_self\u00bb overflow=\u00bbvisible\u00bb gradient_direction=\u00bbleft_to_right\u00bb overlay_strength=\u00bb0.3&#8243; width=\u00bb1\/1&#8243; tablet_width_inherit=\u00bbdefault\u00bb animation_type=\u00bbdefault\u00bb bg_image_animation=\u00bbnone\u00bb border_type=\u00bbsimple\u00bb column_border_width=\u00bbnone\u00bb column_border_style=\u00bbsolid\u00bb][vc_column_text css=\u00bb\u00bb text_direction=\u00bbdefault\u00bb]\n<h2><span style=\"color: #333399;\">About the Cesar &amp; Myriam Gramajo<\/span><\/h2>\n<p style=\"font-weight: 400;\">C\u00e9sar and Myriam\u00a0Gramajo have a missionary heart and a deep love for Spain. Their desire is to share the message of Jesus in communities where there are still numerous towns without a Christian church and many people who have not had clear exposure to the gospel.<\/p>\n<p style=\"font-weight: 400;\">The need is great, and every opportunity matters.\u00a0 Your prayers and support make it possible for hope to reach farther.<\/p>\n<p style=\"font-weight: 400;\">C\u00e9sar and Myriam will be primarily ministering and serving with Andy and Lindsey Messmer in the new church plant, but will also work with Operation Transit as they distribute evangelistic material in an area of the coast where non-believers return to their country from vacationing.<\/p>\n<p style=\"font-weight: 400;\">Thank you for being part of this mission.<\/p>\n<p style=\"font-weight: 400;\">&#8212;&#8212;&#8212;&#8212;&#8212;&#8212;&#8211;<\/p>\n<p style=\"font-weight: 400;\">C\u00e9sar y Myriam Gramajo tienen un coraz\u00f3n misionero y un profundo amor por Espa\u00f1a. Sus deseos es llevar el mensaje de Jes\u00fas a comunidades donde a\u00fan existen numerosos pueblos sin iglesia cristiana y muchas personas sin una clara exposici\u00f3n al evangelio.<\/p>\n<p style=\"font-weight: 400;\">La necesidad es grande y cada oportunidad cuenta. Tu oraci\u00f3n y apoyo hacen posible que la esperanza llegue m\u00e1s lejos.<\/p>\n<p style=\"font-weight: 400;\">C\u00e9sar y Myriam estar\u00e1n principalmente ministrando y sirviendo con Andy y Lindsey Messmer en la nueva iglesia, pero tambi\u00e9n trabajar\u00e1n con Operaci\u00f3n Transito mientras distribuyen material evangel\u00edstico en un \u00e1rea de la costa donde los no creyentes regresan a su pa\u00eds despu\u00e9s de vacacionar.<\/p>\n<p><span style=\"font-weight: 400;\">Gracias por ser parte de esta misi\u00f3n.<\/span>[\/vc_column_text][\/vc_column_inner][\/vc_row_inner][\/vc_column][\/vc_row]\n","protected":false},"excerpt":{"rendered":"<p>Scroll down to learn about <a href=\"https:\/\/lmusa.org\/give\/cm-gramajo\/#about\">About <u>Cesar &amp; Myriam Gramajo<\/u><\/a><\/p>\n","protected":false},"featured_media":22203,"template":"","meta":{"_acf_changed":false,"give_campaign_id":0,"inline_featured_image":false},"product_brand":[],"product_cat":[24,33,436],"product_tag":[],"wf_product_folders":[113],"class_list":{"0":"post-22200","1":"product","2":"type-product","3":"status-publish","4":"has-post-thumbnail","6":"product_cat-missionaries","7":"product_cat-europe","8":"product_cat-journey-apprentice","10":"first","11":"instock","12":"sold-individually","13":"shipping-taxable","14":"purchasable","15":"product-type-variable-subscription"},"acf":[],"yoast_head":"<!-- This site is optimized with the Yoast SEO plugin v27.4 - https:\/\/yoast.com\/product\/yoast-seo-wordpress\/ -->\n<title>Cesar &amp; Myriam Gramajo - Liebenzell Mission USA<\/title>\n<meta name=\"robots\" content=\"noindex, nofollow\" \/>\n<meta property=\"og:locale\" content=\"es_ES\" \/>\n<meta property=\"og:type\" content=\"article\" \/>\n<meta property=\"og:title\" content=\"Cesar &amp; Myriam Gramajo - Liebenzell Mission USA\" \/>\n<meta property=\"og:description\" content=\"Scroll down to learn about About Cesar &amp; Myriam Gramajo\" \/>\n<meta property=\"og:url\" content=\"https:\/\/lmusa.org\/es\/give\/cm-gramajo\/\" \/>\n<meta property=\"og:site_name\" content=\"Liebenzell Mission USA\" \/>\n<meta property=\"article:modified_time\" content=\"2026-03-12T12:43:09+00:00\" \/>\n<meta property=\"og:image\" content=\"https:\/\/lmusa.org\/wp-content\/uploads\/2026\/03\/Cesar-Myriam-Gramajo.jpg\" \/>\n\t<meta property=\"og:image:width\" content=\"1200\" \/>\n\t<meta property=\"og:image:height\" content=\"1200\" \/>\n\t<meta property=\"og:image:type\" content=\"image\/jpeg\" \/>\n<meta name=\"twitter:card\" content=\"summary_large_image\" \/>\n<meta name=\"twitter:label1\" content=\"Tiempo de lectura\" \/>\n\t<meta name=\"twitter:data1\" content=\"1 minuto\" \/>\n<script type=\"application\/ld+json\" class=\"yoast-schema-graph\">{\"@context\":\"https:\\\/\\\/schema.org\",\"@graph\":[{\"@type\":\"WebPage\",\"@id\":\"https:\\\/\\\/lmusa.org\\\/es\\\/give\\\/cm-gramajo\\\/\",\"url\":\"https:\\\/\\\/lmusa.org\\\/es\\\/give\\\/cm-gramajo\\\/\",\"name\":\"Cesar & Myriam Gramajo - Liebenzell Mission USA\",\"isPartOf\":{\"@id\":\"https:\\\/\\\/lmusa.org\\\/es\\\/#website\"},\"primaryImageOfPage\":{\"@id\":\"https:\\\/\\\/lmusa.org\\\/es\\\/give\\\/cm-gramajo\\\/#primaryimage\"},\"image\":{\"@id\":\"https:\\\/\\\/lmusa.org\\\/es\\\/give\\\/cm-gramajo\\\/#primaryimage\"},\"thumbnailUrl\":\"https:\\\/\\\/lmusa.org\\\/wp-content\\\/uploads\\\/2026\\\/03\\\/Cesar-Myriam-Gramajo.jpg\",\"datePublished\":\"2026-03-11T12:19:44+00:00\",\"dateModified\":\"2026-03-12T12:43:09+00:00\",\"breadcrumb\":{\"@id\":\"https:\\\/\\\/lmusa.org\\\/es\\\/give\\\/cm-gramajo\\\/#breadcrumb\"},\"inLanguage\":\"es\",\"potentialAction\":[{\"@type\":\"ReadAction\",\"target\":[\"https:\\\/\\\/lmusa.org\\\/es\\\/give\\\/cm-gramajo\\\/\"]}]},{\"@type\":\"ImageObject\",\"inLanguage\":\"es\",\"@id\":\"https:\\\/\\\/lmusa.org\\\/es\\\/give\\\/cm-gramajo\\\/#primaryimage\",\"url\":\"https:\\\/\\\/lmusa.org\\\/wp-content\\\/uploads\\\/2026\\\/03\\\/Cesar-Myriam-Gramajo.jpg\",\"contentUrl\":\"https:\\\/\\\/lmusa.org\\\/wp-content\\\/uploads\\\/2026\\\/03\\\/Cesar-Myriam-Gramajo.jpg\",\"width\":1200,\"height\":1200},{\"@type\":\"BreadcrumbList\",\"@id\":\"https:\\\/\\\/lmusa.org\\\/es\\\/give\\\/cm-gramajo\\\/#breadcrumb\",\"itemListElement\":[{\"@type\":\"ListItem\",\"position\":1,\"name\":\"Home\",\"item\":\"https:\\\/\\\/lmusa.org\\\/es\\\/\"},{\"@type\":\"ListItem\",\"position\":2,\"name\":\"Donar\",\"item\":\"https:\\\/\\\/lmusa.org\\\/es\\\/donar\\\/\"},{\"@type\":\"ListItem\",\"position\":3,\"name\":\"Misioneros\",\"item\":\"https:\\\/\\\/lmusa.org\\\/es\\\/donate\\\/misioneros\\\/\"},{\"@type\":\"ListItem\",\"position\":4,\"name\":\"Cesar &#038; Myriam Gramajo\"}]},{\"@type\":\"WebSite\",\"@id\":\"https:\\\/\\\/lmusa.org\\\/es\\\/#website\",\"url\":\"https:\\\/\\\/lmusa.org\\\/es\\\/\",\"name\":\"Liebenzell Mission USA\",\"description\":\"Reaching hearts, teaching truth.\",\"publisher\":{\"@id\":\"https:\\\/\\\/lmusa.org\\\/es\\\/#organization\"},\"potentialAction\":[{\"@type\":\"SearchAction\",\"target\":{\"@type\":\"EntryPoint\",\"urlTemplate\":\"https:\\\/\\\/lmusa.org\\\/es\\\/?s={search_term_string}\"},\"query-input\":{\"@type\":\"PropertyValueSpecification\",\"valueRequired\":true,\"valueName\":\"search_term_string\"}}],\"inLanguage\":\"es\"},{\"@type\":\"Organization\",\"@id\":\"https:\\\/\\\/lmusa.org\\\/es\\\/#organization\",\"name\":\"Liebenzell USA\",\"alternateName\":\"LMUSA\",\"url\":\"https:\\\/\\\/lmusa.org\\\/es\\\/\",\"logo\":{\"@type\":\"ImageObject\",\"inLanguage\":\"es\",\"@id\":\"https:\\\/\\\/lmusa.org\\\/es\\\/#\\\/schema\\\/logo\\\/image\\\/\",\"url\":\"https:\\\/\\\/lmusa.org\\\/wp-content\\\/uploads\\\/2024\\\/01\\\/Liebenzell-Logo-with-Divider.svg\",\"contentUrl\":\"https:\\\/\\\/lmusa.org\\\/wp-content\\\/uploads\\\/2024\\\/01\\\/Liebenzell-Logo-with-Divider.svg\",\"width\":\"1024\",\"height\":\"1024\",\"caption\":\"Liebenzell USA\"},\"image\":{\"@id\":\"https:\\\/\\\/lmusa.org\\\/es\\\/#\\\/schema\\\/logo\\\/image\\\/\"}}]}<\/script>\n<!-- \/ Yoast SEO plugin. -->","yoast_head_json":{"title":"Cesar & Myriam Gramajo - Liebenzell Mission USA","robots":{"index":"noindex","follow":"nofollow"},"og_locale":"es_ES","og_type":"article","og_title":"Cesar & Myriam Gramajo - Liebenzell Mission USA","og_description":"Scroll down to learn about About Cesar &amp; Myriam Gramajo","og_url":"https:\/\/lmusa.org\/es\/give\/cm-gramajo\/","og_site_name":"Liebenzell Mission USA","article_modified_time":"2026-03-12T12:43:09+00:00","og_image":[{"width":1200,"height":1200,"url":"https:\/\/lmusa.org\/wp-content\/uploads\/2026\/03\/Cesar-Myriam-Gramajo.jpg","type":"image\/jpeg"}],"twitter_card":"summary_large_image","twitter_misc":{"Tiempo de lectura":"1 minuto"},"schema":{"@context":"https:\/\/schema.org","@graph":[{"@type":"WebPage","@id":"https:\/\/lmusa.org\/es\/give\/cm-gramajo\/","url":"https:\/\/lmusa.org\/es\/give\/cm-gramajo\/","name":"Cesar & Myriam Gramajo - Liebenzell Mission USA","isPartOf":{"@id":"https:\/\/lmusa.org\/es\/#website"},"primaryImageOfPage":{"@id":"https:\/\/lmusa.org\/es\/give\/cm-gramajo\/#primaryimage"},"image":{"@id":"https:\/\/lmusa.org\/es\/give\/cm-gramajo\/#primaryimage"},"thumbnailUrl":"https:\/\/lmusa.org\/wp-content\/uploads\/2026\/03\/Cesar-Myriam-Gramajo.jpg","datePublished":"2026-03-11T12:19:44+00:00","dateModified":"2026-03-12T12:43:09+00:00","breadcrumb":{"@id":"https:\/\/lmusa.org\/es\/give\/cm-gramajo\/#breadcrumb"},"inLanguage":"es","potentialAction":[{"@type":"ReadAction","target":["https:\/\/lmusa.org\/es\/give\/cm-gramajo\/"]}]},{"@type":"ImageObject","inLanguage":"es","@id":"https:\/\/lmusa.org\/es\/give\/cm-gramajo\/#primaryimage","url":"https:\/\/lmusa.org\/wp-content\/uploads\/2026\/03\/Cesar-Myriam-Gramajo.jpg","contentUrl":"https:\/\/lmusa.org\/wp-content\/uploads\/2026\/03\/Cesar-Myriam-Gramajo.jpg","width":1200,"height":1200},{"@type":"BreadcrumbList","@id":"https:\/\/lmusa.org\/es\/give\/cm-gramajo\/#breadcrumb","itemListElement":[{"@type":"ListItem","position":1,"name":"Home","item":"https:\/\/lmusa.org\/es\/"},{"@type":"ListItem","position":2,"name":"Donar","item":"https:\/\/lmusa.org\/es\/donar\/"},{"@type":"ListItem","position":3,"name":"Misioneros","item":"https:\/\/lmusa.org\/es\/donate\/misioneros\/"},{"@type":"ListItem","position":4,"name":"Cesar &#038; Myriam Gramajo"}]},{"@type":"WebSite","@id":"https:\/\/lmusa.org\/es\/#website","url":"https:\/\/lmusa.org\/es\/","name":"Liebenzell Mission USA","description":"Reaching hearts, teaching truth.","publisher":{"@id":"https:\/\/lmusa.org\/es\/#organization"},"potentialAction":[{"@type":"SearchAction","target":{"@type":"EntryPoint","urlTemplate":"https:\/\/lmusa.org\/es\/?s={search_term_string}"},"query-input":{"@type":"PropertyValueSpecification","valueRequired":true,"valueName":"search_term_string"}}],"inLanguage":"es"},{"@type":"Organization","@id":"https:\/\/lmusa.org\/es\/#organization","name":"Liebenzell USA","alternateName":"LMUSA","url":"https:\/\/lmusa.org\/es\/","logo":{"@type":"ImageObject","inLanguage":"es","@id":"https:\/\/lmusa.org\/es\/#\/schema\/logo\/image\/","url":"https:\/\/lmusa.org\/wp-content\/uploads\/2024\/01\/Liebenzell-Logo-with-Divider.svg","contentUrl":"https:\/\/lmusa.org\/wp-content\/uploads\/2024\/01\/Liebenzell-Logo-with-Divider.svg","width":"1024","height":"1024","caption":"Liebenzell USA"},"image":{"@id":"https:\/\/lmusa.org\/es\/#\/schema\/logo\/image\/"}}]}},"rttpg_featured_image_url":{"full":["https:\/\/lmusa.org\/wp-content\/uploads\/2026\/03\/Cesar-Myriam-Gramajo.jpg",1200,1200,false],"landscape":["https:\/\/lmusa.org\/wp-content\/uploads\/2026\/03\/Cesar-Myriam-Gramajo.jpg",1200,1200,false],"portraits":["https:\/\/lmusa.org\/wp-content\/uploads\/2026\/03\/Cesar-Myriam-Gramajo.jpg",1200,1200,false],"thumbnail":["https:\/\/lmusa.org\/wp-content\/uploads\/2026\/03\/Cesar-Myriam-Gramajo-150x150.jpg",150,150,true],"medium":["https:\/\/lmusa.org\/wp-content\/uploads\/2026\/03\/Cesar-Myriam-Gramajo-300x300.jpg",300,300,true],"large":["https:\/\/lmusa.org\/wp-content\/uploads\/2026\/03\/Cesar-Myriam-Gramajo-1024x1024.jpg",1024,1024,true],"1536x1536":["https:\/\/lmusa.org\/wp-content\/uploads\/2026\/03\/Cesar-Myriam-Gramajo.jpg",1200,1200,false],"2048x2048":["https:\/\/lmusa.org\/wp-content\/uploads\/2026\/03\/Cesar-Myriam-Gramajo.jpg",1200,1200,false],"product-search-thumbnail-32x32":["https:\/\/lmusa.org\/wp-content\/uploads\/2026\/03\/Cesar-Myriam-Gramajo-32x32.jpg",32,32,true],"portfolio-thumb":["https:\/\/lmusa.org\/wp-content\/uploads\/2026\/03\/Cesar-Myriam-Gramajo-600x403.jpg",600,403,true],"nectar_small_square":["https:\/\/lmusa.org\/wp-content\/uploads\/2026\/03\/Cesar-Myriam-Gramajo-140x140.jpg",140,140,true],"portfolio-thumb_large":["https:\/\/lmusa.org\/wp-content\/uploads\/2026\/03\/Cesar-Myriam-Gramajo-900x604.jpg",900,604,true],"portfolio-thumb_small":["https:\/\/lmusa.org\/wp-content\/uploads\/2026\/03\/Cesar-Myriam-Gramajo-400x269.jpg",400,269,true],"portfolio-widget":["https:\/\/lmusa.org\/wp-content\/uploads\/2026\/03\/Cesar-Myriam-Gramajo-100x100.jpg",100,100,true],"wide":["https:\/\/lmusa.org\/wp-content\/uploads\/2026\/03\/Cesar-Myriam-Gramajo-1000x500.jpg",1000,500,true],"wide_photography":["https:\/\/lmusa.org\/wp-content\/uploads\/2026\/03\/Cesar-Myriam-Gramajo-900x600.jpg",900,600,true],"wide_small":["https:\/\/lmusa.org\/wp-content\/uploads\/2026\/03\/Cesar-Myriam-Gramajo-670x335.jpg",670,335,true],"regular":["https:\/\/lmusa.org\/wp-content\/uploads\/2026\/03\/Cesar-Myriam-Gramajo-500x500.jpg",500,500,true],"regular_small":["https:\/\/lmusa.org\/wp-content\/uploads\/2026\/03\/Cesar-Myriam-Gramajo-350x350.jpg",350,350,true],"tall":["https:\/\/lmusa.org\/wp-content\/uploads\/2026\/03\/Cesar-Myriam-Gramajo-500x1000.jpg",500,1000,true],"wide_tall":["https:\/\/lmusa.org\/wp-content\/uploads\/2026\/03\/Cesar-Myriam-Gramajo-1000x1000.jpg",1000,1000,true],"large_featured":["https:\/\/lmusa.org\/wp-content\/uploads\/2026\/03\/Cesar-Myriam-Gramajo-1200x770.jpg",1200,770,true],"medium_featured":["https:\/\/lmusa.org\/wp-content\/uploads\/2026\/03\/Cesar-Myriam-Gramajo-800x800.jpg",800,800,true],"woocommerce_thumbnail":["https:\/\/lmusa.org\/wp-content\/uploads\/2026\/03\/Cesar-Myriam-Gramajo-300x300.jpg",300,300,true],"woocommerce_single":["https:\/\/lmusa.org\/wp-content\/uploads\/2026\/03\/Cesar-Myriam-Gramajo-600x600.jpg",600,600,true],"woocommerce_gallery_thumbnail":["https:\/\/lmusa.org\/wp-content\/uploads\/2026\/03\/Cesar-Myriam-Gramajo-150x150.jpg",150,150,true],"rt_custom":["https:\/\/lmusa.org\/wp-content\/uploads\/2026\/03\/Cesar-Myriam-Gramajo.jpg",1200,1200,false]},"rttpg_author":{"display_name":"Geoffrey Closa","author_link":"https:\/\/lmusa.org\/es\/author\/"},"rttpg_comment":0,"rttpg_category":false,"rttpg_excerpt":"Scroll down to learn about About Cesar &amp; Myriam Gramajo","_links":{"self":[{"href":"https:\/\/lmusa.org\/es\/wp-json\/wp\/v2\/product\/22200","targetHints":{"allow":["GET"]}}],"collection":[{"href":"https:\/\/lmusa.org\/es\/wp-json\/wp\/v2\/product"}],"about":[{"href":"https:\/\/lmusa.org\/es\/wp-json\/wp\/v2\/types\/product"}],"wp:featuredmedia":[{"embeddable":true,"href":"https:\/\/lmusa.org\/es\/wp-json\/wp\/v2\/media\/22203"}],"wp:attachment":[{"href":"https:\/\/lmusa.org\/es\/wp-json\/wp\/v2\/media?parent=22200"}],"wp:term":[{"taxonomy":"product_brand","embeddable":true,"href":"https:\/\/lmusa.org\/es\/wp-json\/wp\/v2\/product_brand?post=22200"},{"taxonomy":"product_cat","embeddable":true,"href":"https:\/\/lmusa.org\/es\/wp-json\/wp\/v2\/product_cat?post=22200"},{"taxonomy":"product_tag","embeddable":true,"href":"https:\/\/lmusa.org\/es\/wp-json\/wp\/v2\/product_tag?post=22200"},{"taxonomy":"wf_product_folders","embeddable":true,"href":"https:\/\/lmusa.org\/es\/wp-json\/wp\/v2\/wf_product_folders?post=22200"}],"curies":[{"name":"wp","href":"https:\/\/api.w.org\/{rel}","templated":true}]}}